{"id":14232,"date":"2025-07-28T15:12:18","date_gmt":"2025-07-28T13:12:18","guid":{"rendered":"https:\/\/www.abvl.ch\/produit\/bryx-bateau-belle-epoque\/"},"modified":"2025-07-28T15:35:41","modified_gmt":"2025-07-28T13:35:41","slug":"bryx-bateau-belle-epoque","status":"publish","type":"product","link":"https:\/\/www.abvl.ch\/en\/product\/bryx-bateau-belle-epoque\/","title":{"rendered":"Bryx Belle \u00c9poque boat"},"content":{"rendered":"<div class=\"the-content\"><p>207 pieces \/ 8+ years<\/p>\n<p>The box contains stickers with the names of the 8 Belle \u00c9poque boats, allowing you to personalise the model.<\/p>\n<p>&nbsp;<\/p>\n<\/div>","protected":false},"excerpt":{"rendered":"<p>207 pieces \/ 8+ years The box contains stickers with the names of the 8 Belle \u00c9poque boats, allowing you to personalise the model. &nbsp;<\/p>\n","protected":false},"featured_media":14236,"comment_status":"closed","ping_status":"closed","template":"","meta":{"_acf_changed":false,"_exactmetrics_skip_tracking":false,"_exactmetrics_sitenote_active":false,"_exactmetrics_sitenote_note":"","_exactmetrics_sitenote_category":0},"product_brand":[],"product_cat":[81],"product_tag":[],"class_list":{"0":"post-14232","1":"product","2":"type-product","3":"status-publish","4":"has-post-thumbnail","6":"product_cat-jouets-en","8":"first","9":"instock","10":"shipping-taxable","11":"purchasable","12":"product-type-simple"},"acf":[],"yoast_head":"<!-- This site is optimized with the Yoast SEO plugin v27.3 - https:\/\/yoast.com\/product\/yoast-seo-wordpress\/ -->\n<title>Bryx Belle \u00c9poque boat - ABVL | Association des amis des bateaux \u00e0 vapeur du L\u00e9man<\/title>\n<meta name=\"robots\" content=\"index, follow, max-snippet:-1, max-image-preview:large, max-video-preview:-1\" \/>\n<link rel=\"canonical\" href=\"https:\/\/www.abvl.ch\/en\/product\/bryx-bateau-belle-epoque\/\" \/>\n<meta name=\"twitter:label1\" content=\"Est. reading time\" \/>\n\t<meta name=\"twitter:data1\" content=\"1 minute\" \/>\n<script type=\"application\/ld+json\" class=\"yoast-schema-graph\">{\"@context\":\"https:\\\/\\\/schema.org\",\"@graph\":[{\"@type\":\"WebPage\",\"@id\":\"https:\\\/\\\/www.abvl.ch\\\/en\\\/product\\\/bryx-bateau-belle-epoque\\\/\",\"url\":\"https:\\\/\\\/www.abvl.ch\\\/en\\\/product\\\/bryx-bateau-belle-epoque\\\/\",\"name\":\"Bryx Belle \u00c9poque boat - ABVL | Association des amis des bateaux \u00e0 vapeur du L\u00e9man\",\"isPartOf\":{\"@id\":\"https:\\\/\\\/www.abvl.ch\\\/#website\"},\"primaryImageOfPage\":{\"@id\":\"https:\\\/\\\/www.abvl.ch\\\/en\\\/product\\\/bryx-bateau-belle-epoque\\\/#primaryimage\"},\"image\":{\"@id\":\"https:\\\/\\\/www.abvl.ch\\\/en\\\/product\\\/bryx-bateau-belle-epoque\\\/#primaryimage\"},\"thumbnailUrl\":\"https:\\\/\\\/www.abvl.ch\\\/wp-content\\\/uploads\\\/photo-site-web.png\",\"datePublished\":\"2025-07-28T13:12:18+00:00\",\"dateModified\":\"2025-07-28T13:35:41+00:00\",\"breadcrumb\":{\"@id\":\"https:\\\/\\\/www.abvl.ch\\\/en\\\/product\\\/bryx-bateau-belle-epoque\\\/#breadcrumb\"},\"inLanguage\":\"en-US\",\"potentialAction\":[{\"@type\":\"ReadAction\",\"target\":[\"https:\\\/\\\/www.abvl.ch\\\/en\\\/product\\\/bryx-bateau-belle-epoque\\\/\"]}]},{\"@type\":\"ImageObject\",\"inLanguage\":\"en-US\",\"@id\":\"https:\\\/\\\/www.abvl.ch\\\/en\\\/product\\\/bryx-bateau-belle-epoque\\\/#primaryimage\",\"url\":\"https:\\\/\\\/www.abvl.ch\\\/wp-content\\\/uploads\\\/photo-site-web.png\",\"contentUrl\":\"https:\\\/\\\/www.abvl.ch\\\/wp-content\\\/uploads\\\/photo-site-web.png\",\"width\":1920,\"height\":1920},{\"@type\":\"BreadcrumbList\",\"@id\":\"https:\\\/\\\/www.abvl.ch\\\/en\\\/product\\\/bryx-bateau-belle-epoque\\\/#breadcrumb\",\"itemListElement\":[{\"@type\":\"ListItem\",\"position\":1,\"name\":\"Accueil\",\"item\":\"https:\\\/\\\/www.abvl.ch\\\/en\\\/\"},{\"@type\":\"ListItem\",\"position\":2,\"name\":\"Bryx Belle \u00c9poque boat\"}]},{\"@type\":\"WebSite\",\"@id\":\"https:\\\/\\\/www.abvl.ch\\\/#website\",\"url\":\"https:\\\/\\\/www.abvl.ch\\\/\",\"name\":\"ABVL | Association des amis des bateaux \u00e0 vapeur du L\u00e9man\",\"description\":\"\",\"potentialAction\":[{\"@type\":\"SearchAction\",\"target\":{\"@type\":\"EntryPoint\",\"urlTemplate\":\"https:\\\/\\\/www.abvl.ch\\\/?s={search_term_string}\"},\"query-input\":{\"@type\":\"PropertyValueSpecification\",\"valueRequired\":true,\"valueName\":\"search_term_string\"}}],\"inLanguage\":\"en-US\"}]}<\/script>\n<!-- \/ Yoast SEO plugin. -->","yoast_head_json":{"title":"Bryx Belle \u00c9poque boat - ABVL | Association des amis des bateaux \u00e0 vapeur du L\u00e9man","robots":{"index":"index","follow":"follow","max-snippet":"max-snippet:-1","max-image-preview":"max-image-preview:large","max-video-preview":"max-video-preview:-1"},"canonical":"https:\/\/www.abvl.ch\/en\/product\/bryx-bateau-belle-epoque\/","twitter_misc":{"Est. reading time":"1 minute"},"schema":{"@context":"https:\/\/schema.org","@graph":[{"@type":"WebPage","@id":"https:\/\/www.abvl.ch\/en\/product\/bryx-bateau-belle-epoque\/","url":"https:\/\/www.abvl.ch\/en\/product\/bryx-bateau-belle-epoque\/","name":"Bryx Belle \u00c9poque boat - ABVL | Association des amis des bateaux \u00e0 vapeur du L\u00e9man","isPartOf":{"@id":"https:\/\/www.abvl.ch\/#website"},"primaryImageOfPage":{"@id":"https:\/\/www.abvl.ch\/en\/product\/bryx-bateau-belle-epoque\/#primaryimage"},"image":{"@id":"https:\/\/www.abvl.ch\/en\/product\/bryx-bateau-belle-epoque\/#primaryimage"},"thumbnailUrl":"https:\/\/www.abvl.ch\/wp-content\/uploads\/photo-site-web.png","datePublished":"2025-07-28T13:12:18+00:00","dateModified":"2025-07-28T13:35:41+00:00","breadcrumb":{"@id":"https:\/\/www.abvl.ch\/en\/product\/bryx-bateau-belle-epoque\/#breadcrumb"},"inLanguage":"en-US","potentialAction":[{"@type":"ReadAction","target":["https:\/\/www.abvl.ch\/en\/product\/bryx-bateau-belle-epoque\/"]}]},{"@type":"ImageObject","inLanguage":"en-US","@id":"https:\/\/www.abvl.ch\/en\/product\/bryx-bateau-belle-epoque\/#primaryimage","url":"https:\/\/www.abvl.ch\/wp-content\/uploads\/photo-site-web.png","contentUrl":"https:\/\/www.abvl.ch\/wp-content\/uploads\/photo-site-web.png","width":1920,"height":1920},{"@type":"BreadcrumbList","@id":"https:\/\/www.abvl.ch\/en\/product\/bryx-bateau-belle-epoque\/#breadcrumb","itemListElement":[{"@type":"ListItem","position":1,"name":"Accueil","item":"https:\/\/www.abvl.ch\/en\/"},{"@type":"ListItem","position":2,"name":"Bryx Belle \u00c9poque boat"}]},{"@type":"WebSite","@id":"https:\/\/www.abvl.ch\/#website","url":"https:\/\/www.abvl.ch\/","name":"ABVL | Association des amis des bateaux \u00e0 vapeur du L\u00e9man","description":"","potentialAction":[{"@type":"SearchAction","target":{"@type":"EntryPoint","urlTemplate":"https:\/\/www.abvl.ch\/?s={search_term_string}"},"query-input":{"@type":"PropertyValueSpecification","valueRequired":true,"valueName":"search_term_string"}}],"inLanguage":"en-US"}]}},"_links":{"self":[{"href":"https:\/\/www.abvl.ch\/en\/wp-json\/wp\/v2\/product\/14232","targetHints":{"allow":["GET"]}}],"collection":[{"href":"https:\/\/www.abvl.ch\/en\/wp-json\/wp\/v2\/product"}],"about":[{"href":"https:\/\/www.abvl.ch\/en\/wp-json\/wp\/v2\/types\/product"}],"replies":[{"embeddable":true,"href":"https:\/\/www.abvl.ch\/en\/wp-json\/wp\/v2\/comments?post=14232"}],"wp:featuredmedia":[{"embeddable":true,"href":"https:\/\/www.abvl.ch\/en\/wp-json\/wp\/v2\/media\/14236"}],"wp:attachment":[{"href":"https:\/\/www.abvl.ch\/en\/wp-json\/wp\/v2\/media?parent=14232"}],"wp:term":[{"taxonomy":"product_brand","embeddable":true,"href":"https:\/\/www.abvl.ch\/en\/wp-json\/wp\/v2\/product_brand?post=14232"},{"taxonomy":"product_cat","embeddable":true,"href":"https:\/\/www.abvl.ch\/en\/wp-json\/wp\/v2\/product_cat?post=14232"},{"taxonomy":"product_tag","embeddable":true,"href":"https:\/\/www.abvl.ch\/en\/wp-json\/wp\/v2\/product_tag?post=14232"}],"curies":[{"name":"wp","href":"https:\/\/api.w.org\/{rel}","templated":true}]}}