{"id":12379,"date":"2023-12-10T19:02:07","date_gmt":"2023-12-10T18:02:07","guid":{"rendered":"https:\/\/www.abvl.ch\/produit\/reproduction-rhone-plate\/"},"modified":"2023-12-17T01:31:45","modified_gmt":"2023-12-17T00:31:45","slug":"reproduction-rhone-plate","status":"publish","type":"product","link":"https:\/\/www.abvl.ch\/en\/product\/reproduction-rhone-plate\/","title":{"rendered":"Reproduction &#8220;Rh\u00f4ne&#8221; plate"},"content":{"rendered":"<div class=\"the-content\"><p>On the occasion of the re-commissioning of the\u00a0<em>Rh\u00f4ne<\/em>, 100 high-quality reproductions numbered from 1 to 100 of the original 1927 Sulzer Fr\u00e8res bronze plaque facing the engineer in the engine room have been produced by the renowned craft company\u00a0<em>Bronze d\u2019Art Fran\u00e7ais<\/em>.<\/p>\n<p>Measuring<strong> 7.0 cm x 4.7 cm<\/strong><\/p>\n<\/div>","protected":false},"excerpt":{"rendered":"<p>On the occasion of the re-commissioning of the\u00a0Rh\u00f4ne, 100 high-quality reproductions numbered from 1 to 100 of the original 1927 Sulzer Fr\u00e8res bronze plaque facing the engineer in the engine room have been produced by the renowned craft company\u00a0Bronze d\u2019Art Fran\u00e7ais. Measuring 7.0 cm x 4.7 cm<\/p>\n","protected":false},"featured_media":10984,"comment_status":"closed","ping_status":"closed","template":"","meta":{"_acf_changed":false,"_exactmetrics_skip_tracking":false,"_exactmetrics_sitenote_active":false,"_exactmetrics_sitenote_note":"","_exactmetrics_sitenote_category":0},"product_brand":[],"product_cat":[56],"product_tag":[],"class_list":{"0":"post-12379","1":"product","2":"type-product","3":"status-publish","4":"has-post-thumbnail","6":"product_cat-other","8":"first","9":"instock","10":"shipping-taxable","11":"purchasable","12":"product-type-simple"},"acf":[],"yoast_head":"<!-- This site is optimized with the Yoast SEO plugin v27.3 - https:\/\/yoast.com\/product\/yoast-seo-wordpress\/ -->\n<title>Reproduction &quot;Rh\u00f4ne&quot; plate - ABVL | Association des amis des bateaux \u00e0 vapeur du L\u00e9man<\/title>\n<meta name=\"robots\" content=\"index, follow, max-snippet:-1, max-image-preview:large, max-video-preview:-1\" \/>\n<link rel=\"canonical\" href=\"https:\/\/www.abvl.ch\/product\/reproduction-plaque-rhone\/\" \/>\n<script type=\"application\/ld+json\" class=\"yoast-schema-graph\">{\"@context\":\"https:\\\/\\\/schema.org\",\"@graph\":[{\"@type\":\"WebPage\",\"@id\":\"https:\\\/\\\/www.abvl.ch\\\/product\\\/reproduction-plaque-rhone\\\/\",\"url\":\"https:\\\/\\\/www.abvl.ch\\\/product\\\/reproduction-plaque-rhone\\\/\",\"name\":\"Reproduction \\\"Rh\u00f4ne\\\" plate - ABVL | Association des amis des bateaux \u00e0 vapeur du L\u00e9man\",\"isPartOf\":{\"@id\":\"https:\\\/\\\/www.abvl.ch\\\/#website\"},\"primaryImageOfPage\":{\"@id\":\"https:\\\/\\\/www.abvl.ch\\\/product\\\/reproduction-plaque-rhone\\\/#primaryimage\"},\"image\":{\"@id\":\"https:\\\/\\\/www.abvl.ch\\\/product\\\/reproduction-plaque-rhone\\\/#primaryimage\"},\"thumbnailUrl\":\"https:\\\/\\\/www.abvl.ch\\\/wp-content\\\/uploads\\\/plaque-rhone-2-scaled.jpg\",\"datePublished\":\"2023-12-10T18:02:07+00:00\",\"dateModified\":\"2023-12-17T00:31:45+00:00\",\"breadcrumb\":{\"@id\":\"https:\\\/\\\/www.abvl.ch\\\/product\\\/reproduction-plaque-rhone\\\/#breadcrumb\"},\"inLanguage\":\"en-US\",\"potentialAction\":[{\"@type\":\"ReadAction\",\"target\":[\"https:\\\/\\\/www.abvl.ch\\\/product\\\/reproduction-plaque-rhone\\\/\"]}]},{\"@type\":\"ImageObject\",\"inLanguage\":\"en-US\",\"@id\":\"https:\\\/\\\/www.abvl.ch\\\/product\\\/reproduction-plaque-rhone\\\/#primaryimage\",\"url\":\"https:\\\/\\\/www.abvl.ch\\\/wp-content\\\/uploads\\\/plaque-rhone-2-scaled.jpg\",\"contentUrl\":\"https:\\\/\\\/www.abvl.ch\\\/wp-content\\\/uploads\\\/plaque-rhone-2-scaled.jpg\",\"width\":2560,\"height\":2560},{\"@type\":\"BreadcrumbList\",\"@id\":\"https:\\\/\\\/www.abvl.ch\\\/product\\\/reproduction-plaque-rhone\\\/#breadcrumb\",\"itemListElement\":[{\"@type\":\"ListItem\",\"position\":1,\"name\":\"Accueil\",\"item\":\"https:\\\/\\\/www.abvl.ch\\\/en\\\/\"},{\"@type\":\"ListItem\",\"position\":2,\"name\":\"Reproduction \u00ab\u00a0Rh\u00f4ne\u00a0\u00bb plate\"}]},{\"@type\":\"WebSite\",\"@id\":\"https:\\\/\\\/www.abvl.ch\\\/#website\",\"url\":\"https:\\\/\\\/www.abvl.ch\\\/\",\"name\":\"ABVL | Association des amis des bateaux \u00e0 vapeur du L\u00e9man\",\"description\":\"\",\"potentialAction\":[{\"@type\":\"SearchAction\",\"target\":{\"@type\":\"EntryPoint\",\"urlTemplate\":\"https:\\\/\\\/www.abvl.ch\\\/?s={search_term_string}\"},\"query-input\":{\"@type\":\"PropertyValueSpecification\",\"valueRequired\":true,\"valueName\":\"search_term_string\"}}],\"inLanguage\":\"en-US\"}]}<\/script>\n<!-- \/ Yoast SEO plugin. -->","yoast_head_json":{"title":"Reproduction \"Rh\u00f4ne\" plate - ABVL | Association des amis des bateaux \u00e0 vapeur du L\u00e9man","robots":{"index":"index","follow":"follow","max-snippet":"max-snippet:-1","max-image-preview":"max-image-preview:large","max-video-preview":"max-video-preview:-1"},"canonical":"https:\/\/www.abvl.ch\/product\/reproduction-plaque-rhone\/","schema":{"@context":"https:\/\/schema.org","@graph":[{"@type":"WebPage","@id":"https:\/\/www.abvl.ch\/product\/reproduction-plaque-rhone\/","url":"https:\/\/www.abvl.ch\/product\/reproduction-plaque-rhone\/","name":"Reproduction \"Rh\u00f4ne\" plate - ABVL | Association des amis des bateaux \u00e0 vapeur du L\u00e9man","isPartOf":{"@id":"https:\/\/www.abvl.ch\/#website"},"primaryImageOfPage":{"@id":"https:\/\/www.abvl.ch\/product\/reproduction-plaque-rhone\/#primaryimage"},"image":{"@id":"https:\/\/www.abvl.ch\/product\/reproduction-plaque-rhone\/#primaryimage"},"thumbnailUrl":"https:\/\/www.abvl.ch\/wp-content\/uploads\/plaque-rhone-2-scaled.jpg","datePublished":"2023-12-10T18:02:07+00:00","dateModified":"2023-12-17T00:31:45+00:00","breadcrumb":{"@id":"https:\/\/www.abvl.ch\/product\/reproduction-plaque-rhone\/#breadcrumb"},"inLanguage":"en-US","potentialAction":[{"@type":"ReadAction","target":["https:\/\/www.abvl.ch\/product\/reproduction-plaque-rhone\/"]}]},{"@type":"ImageObject","inLanguage":"en-US","@id":"https:\/\/www.abvl.ch\/product\/reproduction-plaque-rhone\/#primaryimage","url":"https:\/\/www.abvl.ch\/wp-content\/uploads\/plaque-rhone-2-scaled.jpg","contentUrl":"https:\/\/www.abvl.ch\/wp-content\/uploads\/plaque-rhone-2-scaled.jpg","width":2560,"height":2560},{"@type":"BreadcrumbList","@id":"https:\/\/www.abvl.ch\/product\/reproduction-plaque-rhone\/#breadcrumb","itemListElement":[{"@type":"ListItem","position":1,"name":"Accueil","item":"https:\/\/www.abvl.ch\/en\/"},{"@type":"ListItem","position":2,"name":"Reproduction \u00ab\u00a0Rh\u00f4ne\u00a0\u00bb plate"}]},{"@type":"WebSite","@id":"https:\/\/www.abvl.ch\/#website","url":"https:\/\/www.abvl.ch\/","name":"ABVL | Association des amis des bateaux \u00e0 vapeur du L\u00e9man","description":"","potentialAction":[{"@type":"SearchAction","target":{"@type":"EntryPoint","urlTemplate":"https:\/\/www.abvl.ch\/?s={search_term_string}"},"query-input":{"@type":"PropertyValueSpecification","valueRequired":true,"valueName":"search_term_string"}}],"inLanguage":"en-US"}]}},"_links":{"self":[{"href":"https:\/\/www.abvl.ch\/en\/wp-json\/wp\/v2\/product\/12379","targetHints":{"allow":["GET"]}}],"collection":[{"href":"https:\/\/www.abvl.ch\/en\/wp-json\/wp\/v2\/product"}],"about":[{"href":"https:\/\/www.abvl.ch\/en\/wp-json\/wp\/v2\/types\/product"}],"replies":[{"embeddable":true,"href":"https:\/\/www.abvl.ch\/en\/wp-json\/wp\/v2\/comments?post=12379"}],"wp:featuredmedia":[{"embeddable":true,"href":"https:\/\/www.abvl.ch\/en\/wp-json\/wp\/v2\/media\/10984"}],"wp:attachment":[{"href":"https:\/\/www.abvl.ch\/en\/wp-json\/wp\/v2\/media?parent=12379"}],"wp:term":[{"taxonomy":"product_brand","embeddable":true,"href":"https:\/\/www.abvl.ch\/en\/wp-json\/wp\/v2\/product_brand?post=12379"},{"taxonomy":"product_cat","embeddable":true,"href":"https:\/\/www.abvl.ch\/en\/wp-json\/wp\/v2\/product_cat?post=12379"},{"taxonomy":"product_tag","embeddable":true,"href":"https:\/\/www.abvl.ch\/en\/wp-json\/wp\/v2\/product_tag?post=12379"}],"curies":[{"name":"wp","href":"https:\/\/api.w.org\/{rel}","templated":true}]}}