{"id":12371,"date":"2023-12-10T19:08:47","date_gmt":"2023-12-10T18:08:47","guid":{"rendered":"https:\/\/www.abvl.ch\/produit\/les-bateaux-de-la-cgn-de-la-belle-epoque-au-xxieme-siecle\/"},"modified":"2023-12-10T19:08:47","modified_gmt":"2023-12-10T18:08:47","slug":"les-bateaux-de-la-cgn-de-la-belle-epoque-au-xxieme-siecle","status":"publish","type":"product","link":"https:\/\/www.abvl.ch\/en\/product\/les-bateaux-de-la-cgn-de-la-belle-epoque-au-xxieme-siecle\/","title":{"rendered":"Les bateaux de la CGN &#8211; De la Belle \u00c9poque au XXI\u00e8me si\u00e8cle"},"content":{"rendered":"<div class=\"the-content\"><p>This book traces the history of the CGN and its Belle Epoque fleet with unpublished photos.<\/p>\n<\/div>","protected":false},"excerpt":{"rendered":"<p>This book traces the history of the CGN and its Belle Epoque fleet with unpublished photos.<\/p>\n","protected":false},"featured_media":5520,"comment_status":"closed","ping_status":"closed","template":"","meta":{"_acf_changed":false,"_exactmetrics_skip_tracking":false,"_exactmetrics_sitenote_active":false,"_exactmetrics_sitenote_note":"","_exactmetrics_sitenote_category":0},"product_brand":[],"product_cat":[58],"product_tag":[],"class_list":{"0":"post-12371","1":"product","2":"type-product","3":"status-publish","4":"has-post-thumbnail","6":"product_cat-books","8":"first","9":"instock","10":"shipping-taxable","11":"purchasable","12":"product-type-simple"},"acf":[],"yoast_head":"<!-- This site is optimized with the Yoast SEO plugin v27.3 - https:\/\/yoast.com\/product\/yoast-seo-wordpress\/ -->\n<title>Les bateaux de la CGN - De la Belle \u00c9poque au XXI\u00e8me si\u00e8cle - ABVL | Association des amis des bateaux \u00e0 vapeur du L\u00e9man<\/title>\n<meta name=\"robots\" content=\"index, follow, max-snippet:-1, max-image-preview:large, max-video-preview:-1\" \/>\n<link rel=\"canonical\" href=\"https:\/\/www.abvl.ch\/en\/product\/les-bateaux-de-la-cgn-de-la-belle-epoque-au-xxieme-siecle\/\" \/>\n<script type=\"application\/ld+json\" class=\"yoast-schema-graph\">{\"@context\":\"https:\\\/\\\/schema.org\",\"@graph\":[{\"@type\":\"WebPage\",\"@id\":\"https:\\\/\\\/www.abvl.ch\\\/en\\\/product\\\/les-bateaux-de-la-cgn-de-la-belle-epoque-au-xxieme-siecle\\\/\",\"url\":\"https:\\\/\\\/www.abvl.ch\\\/en\\\/product\\\/les-bateaux-de-la-cgn-de-la-belle-epoque-au-xxieme-siecle\\\/\",\"name\":\"Les bateaux de la CGN - De la Belle \u00c9poque au XXI\u00e8me si\u00e8cle - ABVL | Association des amis des bateaux \u00e0 vapeur du L\u00e9man\",\"isPartOf\":{\"@id\":\"https:\\\/\\\/www.abvl.ch\\\/#website\"},\"primaryImageOfPage\":{\"@id\":\"https:\\\/\\\/www.abvl.ch\\\/en\\\/product\\\/les-bateaux-de-la-cgn-de-la-belle-epoque-au-xxieme-siecle\\\/#primaryimage\"},\"image\":{\"@id\":\"https:\\\/\\\/www.abvl.ch\\\/en\\\/product\\\/les-bateaux-de-la-cgn-de-la-belle-epoque-au-xxieme-siecle\\\/#primaryimage\"},\"thumbnailUrl\":\"https:\\\/\\\/www.abvl.ch\\\/wp-content\\\/uploads\\\/Couverture-2018.png\",\"datePublished\":\"2023-12-10T18:08:47+00:00\",\"breadcrumb\":{\"@id\":\"https:\\\/\\\/www.abvl.ch\\\/en\\\/product\\\/les-bateaux-de-la-cgn-de-la-belle-epoque-au-xxieme-siecle\\\/#breadcrumb\"},\"inLanguage\":\"en-US\",\"potentialAction\":[{\"@type\":\"ReadAction\",\"target\":[\"https:\\\/\\\/www.abvl.ch\\\/en\\\/product\\\/les-bateaux-de-la-cgn-de-la-belle-epoque-au-xxieme-siecle\\\/\"]}]},{\"@type\":\"ImageObject\",\"inLanguage\":\"en-US\",\"@id\":\"https:\\\/\\\/www.abvl.ch\\\/en\\\/product\\\/les-bateaux-de-la-cgn-de-la-belle-epoque-au-xxieme-siecle\\\/#primaryimage\",\"url\":\"https:\\\/\\\/www.abvl.ch\\\/wp-content\\\/uploads\\\/Couverture-2018.png\",\"contentUrl\":\"https:\\\/\\\/www.abvl.ch\\\/wp-content\\\/uploads\\\/Couverture-2018.png\",\"width\":814,\"height\":686},{\"@type\":\"BreadcrumbList\",\"@id\":\"https:\\\/\\\/www.abvl.ch\\\/en\\\/product\\\/les-bateaux-de-la-cgn-de-la-belle-epoque-au-xxieme-siecle\\\/#breadcrumb\",\"itemListElement\":[{\"@type\":\"ListItem\",\"position\":1,\"name\":\"Accueil\",\"item\":\"https:\\\/\\\/www.abvl.ch\\\/en\\\/\"},{\"@type\":\"ListItem\",\"position\":2,\"name\":\"Les bateaux de la CGN &#8211; De la Belle \u00c9poque au XXI\u00e8me si\u00e8cle\"}]},{\"@type\":\"WebSite\",\"@id\":\"https:\\\/\\\/www.abvl.ch\\\/#website\",\"url\":\"https:\\\/\\\/www.abvl.ch\\\/\",\"name\":\"ABVL | Association des amis des bateaux \u00e0 vapeur du L\u00e9man\",\"description\":\"\",\"potentialAction\":[{\"@type\":\"SearchAction\",\"target\":{\"@type\":\"EntryPoint\",\"urlTemplate\":\"https:\\\/\\\/www.abvl.ch\\\/?s={search_term_string}\"},\"query-input\":{\"@type\":\"PropertyValueSpecification\",\"valueRequired\":true,\"valueName\":\"search_term_string\"}}],\"inLanguage\":\"en-US\"}]}<\/script>\n<!-- \/ Yoast SEO plugin. -->","yoast_head_json":{"title":"Les bateaux de la CGN - De la Belle \u00c9poque au XXI\u00e8me si\u00e8cle - ABVL | Association des amis des bateaux \u00e0 vapeur du L\u00e9man","robots":{"index":"index","follow":"follow","max-snippet":"max-snippet:-1","max-image-preview":"max-image-preview:large","max-video-preview":"max-video-preview:-1"},"canonical":"https:\/\/www.abvl.ch\/en\/product\/les-bateaux-de-la-cgn-de-la-belle-epoque-au-xxieme-siecle\/","schema":{"@context":"https:\/\/schema.org","@graph":[{"@type":"WebPage","@id":"https:\/\/www.abvl.ch\/en\/product\/les-bateaux-de-la-cgn-de-la-belle-epoque-au-xxieme-siecle\/","url":"https:\/\/www.abvl.ch\/en\/product\/les-bateaux-de-la-cgn-de-la-belle-epoque-au-xxieme-siecle\/","name":"Les bateaux de la CGN - De la Belle \u00c9poque au XXI\u00e8me si\u00e8cle - ABVL | Association des amis des bateaux \u00e0 vapeur du L\u00e9man","isPartOf":{"@id":"https:\/\/www.abvl.ch\/#website"},"primaryImageOfPage":{"@id":"https:\/\/www.abvl.ch\/en\/product\/les-bateaux-de-la-cgn-de-la-belle-epoque-au-xxieme-siecle\/#primaryimage"},"image":{"@id":"https:\/\/www.abvl.ch\/en\/product\/les-bateaux-de-la-cgn-de-la-belle-epoque-au-xxieme-siecle\/#primaryimage"},"thumbnailUrl":"https:\/\/www.abvl.ch\/wp-content\/uploads\/Couverture-2018.png","datePublished":"2023-12-10T18:08:47+00:00","breadcrumb":{"@id":"https:\/\/www.abvl.ch\/en\/product\/les-bateaux-de-la-cgn-de-la-belle-epoque-au-xxieme-siecle\/#breadcrumb"},"inLanguage":"en-US","potentialAction":[{"@type":"ReadAction","target":["https:\/\/www.abvl.ch\/en\/product\/les-bateaux-de-la-cgn-de-la-belle-epoque-au-xxieme-siecle\/"]}]},{"@type":"ImageObject","inLanguage":"en-US","@id":"https:\/\/www.abvl.ch\/en\/product\/les-bateaux-de-la-cgn-de-la-belle-epoque-au-xxieme-siecle\/#primaryimage","url":"https:\/\/www.abvl.ch\/wp-content\/uploads\/Couverture-2018.png","contentUrl":"https:\/\/www.abvl.ch\/wp-content\/uploads\/Couverture-2018.png","width":814,"height":686},{"@type":"BreadcrumbList","@id":"https:\/\/www.abvl.ch\/en\/product\/les-bateaux-de-la-cgn-de-la-belle-epoque-au-xxieme-siecle\/#breadcrumb","itemListElement":[{"@type":"ListItem","position":1,"name":"Accueil","item":"https:\/\/www.abvl.ch\/en\/"},{"@type":"ListItem","position":2,"name":"Les bateaux de la CGN &#8211; De la Belle \u00c9poque au XXI\u00e8me si\u00e8cle"}]},{"@type":"WebSite","@id":"https:\/\/www.abvl.ch\/#website","url":"https:\/\/www.abvl.ch\/","name":"ABVL | Association des amis des bateaux \u00e0 vapeur du L\u00e9man","description":"","potentialAction":[{"@type":"SearchAction","target":{"@type":"EntryPoint","urlTemplate":"https:\/\/www.abvl.ch\/?s={search_term_string}"},"query-input":{"@type":"PropertyValueSpecification","valueRequired":true,"valueName":"search_term_string"}}],"inLanguage":"en-US"}]}},"_links":{"self":[{"href":"https:\/\/www.abvl.ch\/en\/wp-json\/wp\/v2\/product\/12371","targetHints":{"allow":["GET"]}}],"collection":[{"href":"https:\/\/www.abvl.ch\/en\/wp-json\/wp\/v2\/product"}],"about":[{"href":"https:\/\/www.abvl.ch\/en\/wp-json\/wp\/v2\/types\/product"}],"replies":[{"embeddable":true,"href":"https:\/\/www.abvl.ch\/en\/wp-json\/wp\/v2\/comments?post=12371"}],"wp:featuredmedia":[{"embeddable":true,"href":"https:\/\/www.abvl.ch\/en\/wp-json\/wp\/v2\/media\/5520"}],"wp:attachment":[{"href":"https:\/\/www.abvl.ch\/en\/wp-json\/wp\/v2\/media?parent=12371"}],"wp:term":[{"taxonomy":"product_brand","embeddable":true,"href":"https:\/\/www.abvl.ch\/en\/wp-json\/wp\/v2\/product_brand?post=12371"},{"taxonomy":"product_cat","embeddable":true,"href":"https:\/\/www.abvl.ch\/en\/wp-json\/wp\/v2\/product_cat?post=12371"},{"taxonomy":"product_tag","embeddable":true,"href":"https:\/\/www.abvl.ch\/en\/wp-json\/wp\/v2\/product_tag?post=12371"}],"curies":[{"name":"wp","href":"https:\/\/api.w.org\/{rel}","templated":true}]}}