{"id":12369,"date":"2023-12-10T19:10:41","date_gmt":"2023-12-10T18:10:41","guid":{"rendered":"https:\/\/www.abvl.ch\/produit\/bateaux-a-vapeur-vision-parallele-de-jacques-straessle\/"},"modified":"2023-12-10T19:10:41","modified_gmt":"2023-12-10T18:10:41","slug":"bateaux-a-vapeur-vision-parallele-de-jacques-straessle","status":"publish","type":"product","link":"https:\/\/www.abvl.ch\/en\/product\/bateaux-a-vapeur-vision-parallele-de-jacques-straessle\/","title":{"rendered":"Bateaux \u00e0 Vapeur &#8211; Vision parall\u00e8le de Jacques Straessl\u00e9"},"content":{"rendered":"<div class=\"the-content\"><p>In the continuation of the book \u201cLES BATEAUX DE LA CGN\u201d in the same format and number of pages, the photographer Jacques Straessl\u00e9 offers an unexpected vision of the fleet of Belle Epoque boats sailing on Lake Geneva.<\/p>\n<\/div>","protected":false},"excerpt":{"rendered":"<p>In the continuation of the book \u201cLES BATEAUX DE LA CGN\u201d in the same format and number of pages, the photographer Jacques Straessl\u00e9 offers an unexpected vision of the fleet of Belle Epoque boats sailing on Lake Geneva.<\/p>\n","protected":false},"featured_media":7515,"comment_status":"closed","ping_status":"closed","template":"","meta":{"_acf_changed":false,"_exactmetrics_skip_tracking":false,"_exactmetrics_sitenote_active":false,"_exactmetrics_sitenote_note":"","_exactmetrics_sitenote_category":0},"product_brand":[],"product_cat":[58],"product_tag":[],"class_list":{"0":"post-12369","1":"product","2":"type-product","3":"status-publish","4":"has-post-thumbnail","6":"product_cat-books","8":"first","9":"instock","10":"shipping-taxable","11":"purchasable","12":"product-type-simple"},"acf":[],"yoast_head":"<!-- This site is optimized with the Yoast SEO plugin v27.3 - https:\/\/yoast.com\/product\/yoast-seo-wordpress\/ -->\n<title>Bateaux \u00e0 Vapeur - Vision parall\u00e8le de Jacques Straessl\u00e9 - ABVL | Association des amis des bateaux \u00e0 vapeur du L\u00e9man<\/title>\n<meta name=\"robots\" content=\"index, follow, max-snippet:-1, max-image-preview:large, max-video-preview:-1\" \/>\n<link rel=\"canonical\" href=\"https:\/\/www.abvl.ch\/en\/product\/bateaux-a-vapeur-vision-parallele-de-jacques-straessle\/\" \/>\n<script type=\"application\/ld+json\" class=\"yoast-schema-graph\">{\"@context\":\"https:\\\/\\\/schema.org\",\"@graph\":[{\"@type\":\"WebPage\",\"@id\":\"https:\\\/\\\/www.abvl.ch\\\/en\\\/product\\\/bateaux-a-vapeur-vision-parallele-de-jacques-straessle\\\/\",\"url\":\"https:\\\/\\\/www.abvl.ch\\\/en\\\/product\\\/bateaux-a-vapeur-vision-parallele-de-jacques-straessle\\\/\",\"name\":\"Bateaux \u00e0 Vapeur - Vision parall\u00e8le de Jacques Straessl\u00e9 - ABVL | Association des amis des bateaux \u00e0 vapeur du L\u00e9man\",\"isPartOf\":{\"@id\":\"https:\\\/\\\/www.abvl.ch\\\/#website\"},\"primaryImageOfPage\":{\"@id\":\"https:\\\/\\\/www.abvl.ch\\\/en\\\/product\\\/bateaux-a-vapeur-vision-parallele-de-jacques-straessle\\\/#primaryimage\"},\"image\":{\"@id\":\"https:\\\/\\\/www.abvl.ch\\\/en\\\/product\\\/bateaux-a-vapeur-vision-parallele-de-jacques-straessle\\\/#primaryimage\"},\"thumbnailUrl\":\"https:\\\/\\\/www.abvl.ch\\\/wp-content\\\/uploads\\\/couverture-abvl.jpg\",\"datePublished\":\"2023-12-10T18:10:41+00:00\",\"breadcrumb\":{\"@id\":\"https:\\\/\\\/www.abvl.ch\\\/en\\\/product\\\/bateaux-a-vapeur-vision-parallele-de-jacques-straessle\\\/#breadcrumb\"},\"inLanguage\":\"en-US\",\"potentialAction\":[{\"@type\":\"ReadAction\",\"target\":[\"https:\\\/\\\/www.abvl.ch\\\/en\\\/product\\\/bateaux-a-vapeur-vision-parallele-de-jacques-straessle\\\/\"]}]},{\"@type\":\"ImageObject\",\"inLanguage\":\"en-US\",\"@id\":\"https:\\\/\\\/www.abvl.ch\\\/en\\\/product\\\/bateaux-a-vapeur-vision-parallele-de-jacques-straessle\\\/#primaryimage\",\"url\":\"https:\\\/\\\/www.abvl.ch\\\/wp-content\\\/uploads\\\/couverture-abvl.jpg\",\"contentUrl\":\"https:\\\/\\\/www.abvl.ch\\\/wp-content\\\/uploads\\\/couverture-abvl.jpg\",\"width\":2078,\"height\":1727},{\"@type\":\"BreadcrumbList\",\"@id\":\"https:\\\/\\\/www.abvl.ch\\\/en\\\/product\\\/bateaux-a-vapeur-vision-parallele-de-jacques-straessle\\\/#breadcrumb\",\"itemListElement\":[{\"@type\":\"ListItem\",\"position\":1,\"name\":\"Accueil\",\"item\":\"https:\\\/\\\/www.abvl.ch\\\/en\\\/\"},{\"@type\":\"ListItem\",\"position\":2,\"name\":\"Bateaux \u00e0 Vapeur &#8211; Vision parall\u00e8le de Jacques Straessl\u00e9\"}]},{\"@type\":\"WebSite\",\"@id\":\"https:\\\/\\\/www.abvl.ch\\\/#website\",\"url\":\"https:\\\/\\\/www.abvl.ch\\\/\",\"name\":\"ABVL | Association des amis des bateaux \u00e0 vapeur du L\u00e9man\",\"description\":\"\",\"potentialAction\":[{\"@type\":\"SearchAction\",\"target\":{\"@type\":\"EntryPoint\",\"urlTemplate\":\"https:\\\/\\\/www.abvl.ch\\\/?s={search_term_string}\"},\"query-input\":{\"@type\":\"PropertyValueSpecification\",\"valueRequired\":true,\"valueName\":\"search_term_string\"}}],\"inLanguage\":\"en-US\"}]}<\/script>\n<!-- \/ Yoast SEO plugin. -->","yoast_head_json":{"title":"Bateaux \u00e0 Vapeur - Vision parall\u00e8le de Jacques Straessl\u00e9 - ABVL | Association des amis des bateaux \u00e0 vapeur du L\u00e9man","robots":{"index":"index","follow":"follow","max-snippet":"max-snippet:-1","max-image-preview":"max-image-preview:large","max-video-preview":"max-video-preview:-1"},"canonical":"https:\/\/www.abvl.ch\/en\/product\/bateaux-a-vapeur-vision-parallele-de-jacques-straessle\/","schema":{"@context":"https:\/\/schema.org","@graph":[{"@type":"WebPage","@id":"https:\/\/www.abvl.ch\/en\/product\/bateaux-a-vapeur-vision-parallele-de-jacques-straessle\/","url":"https:\/\/www.abvl.ch\/en\/product\/bateaux-a-vapeur-vision-parallele-de-jacques-straessle\/","name":"Bateaux \u00e0 Vapeur - Vision parall\u00e8le de Jacques Straessl\u00e9 - ABVL | Association des amis des bateaux \u00e0 vapeur du L\u00e9man","isPartOf":{"@id":"https:\/\/www.abvl.ch\/#website"},"primaryImageOfPage":{"@id":"https:\/\/www.abvl.ch\/en\/product\/bateaux-a-vapeur-vision-parallele-de-jacques-straessle\/#primaryimage"},"image":{"@id":"https:\/\/www.abvl.ch\/en\/product\/bateaux-a-vapeur-vision-parallele-de-jacques-straessle\/#primaryimage"},"thumbnailUrl":"https:\/\/www.abvl.ch\/wp-content\/uploads\/couverture-abvl.jpg","datePublished":"2023-12-10T18:10:41+00:00","breadcrumb":{"@id":"https:\/\/www.abvl.ch\/en\/product\/bateaux-a-vapeur-vision-parallele-de-jacques-straessle\/#breadcrumb"},"inLanguage":"en-US","potentialAction":[{"@type":"ReadAction","target":["https:\/\/www.abvl.ch\/en\/product\/bateaux-a-vapeur-vision-parallele-de-jacques-straessle\/"]}]},{"@type":"ImageObject","inLanguage":"en-US","@id":"https:\/\/www.abvl.ch\/en\/product\/bateaux-a-vapeur-vision-parallele-de-jacques-straessle\/#primaryimage","url":"https:\/\/www.abvl.ch\/wp-content\/uploads\/couverture-abvl.jpg","contentUrl":"https:\/\/www.abvl.ch\/wp-content\/uploads\/couverture-abvl.jpg","width":2078,"height":1727},{"@type":"BreadcrumbList","@id":"https:\/\/www.abvl.ch\/en\/product\/bateaux-a-vapeur-vision-parallele-de-jacques-straessle\/#breadcrumb","itemListElement":[{"@type":"ListItem","position":1,"name":"Accueil","item":"https:\/\/www.abvl.ch\/en\/"},{"@type":"ListItem","position":2,"name":"Bateaux \u00e0 Vapeur &#8211; Vision parall\u00e8le de Jacques Straessl\u00e9"}]},{"@type":"WebSite","@id":"https:\/\/www.abvl.ch\/#website","url":"https:\/\/www.abvl.ch\/","name":"ABVL | Association des amis des bateaux \u00e0 vapeur du L\u00e9man","description":"","potentialAction":[{"@type":"SearchAction","target":{"@type":"EntryPoint","urlTemplate":"https:\/\/www.abvl.ch\/?s={search_term_string}"},"query-input":{"@type":"PropertyValueSpecification","valueRequired":true,"valueName":"search_term_string"}}],"inLanguage":"en-US"}]}},"_links":{"self":[{"href":"https:\/\/www.abvl.ch\/en\/wp-json\/wp\/v2\/product\/12369","targetHints":{"allow":["GET"]}}],"collection":[{"href":"https:\/\/www.abvl.ch\/en\/wp-json\/wp\/v2\/product"}],"about":[{"href":"https:\/\/www.abvl.ch\/en\/wp-json\/wp\/v2\/types\/product"}],"replies":[{"embeddable":true,"href":"https:\/\/www.abvl.ch\/en\/wp-json\/wp\/v2\/comments?post=12369"}],"wp:featuredmedia":[{"embeddable":true,"href":"https:\/\/www.abvl.ch\/en\/wp-json\/wp\/v2\/media\/7515"}],"wp:attachment":[{"href":"https:\/\/www.abvl.ch\/en\/wp-json\/wp\/v2\/media?parent=12369"}],"wp:term":[{"taxonomy":"product_brand","embeddable":true,"href":"https:\/\/www.abvl.ch\/en\/wp-json\/wp\/v2\/product_brand?post=12369"},{"taxonomy":"product_cat","embeddable":true,"href":"https:\/\/www.abvl.ch\/en\/wp-json\/wp\/v2\/product_cat?post=12369"},{"taxonomy":"product_tag","embeddable":true,"href":"https:\/\/www.abvl.ch\/en\/wp-json\/wp\/v2\/product_tag?post=12369"}],"curies":[{"name":"wp","href":"https:\/\/api.w.org\/{rel}","templated":true}]}}