{"id":6558,"date":"2014-03-13T10:23:41","date_gmt":"2014-03-13T09:23:41","guid":{"rendered":"https:\/\/www.abvl.ch\/accueil\/"},"modified":"2026-03-12T09:50:19","modified_gmt":"2026-03-12T08:50:19","slug":"home","status":"publish","type":"page","link":"https:\/\/www.abvl.ch\/en\/","title":{"rendered":"Home"},"content":{"rendered":"<div class=\"the-content\"><\/div>","protected":false},"excerpt":{"rendered":"","protected":false},"author":2,"featured_media":14776,"parent":0,"menu_order":1,"comment_status":"closed","ping_status":"closed","template":"","meta":{"_acf_changed":false,"_exactmetrics_skip_tracking":false,"_exactmetrics_sitenote_active":false,"_exactmetrics_sitenote_note":"","_exactmetrics_sitenote_category":0,"footnotes":""},"class_list":["post-6558","page","type-page","status-publish","has-post-thumbnail","hentry"],"acf":[],"yoast_head":"<!-- This site is optimized with the Yoast SEO plugin v27.3 - https:\/\/yoast.com\/product\/yoast-seo-wordpress\/ -->\n<title>ABVL | Association des amis des bateaux \u00e0 vapeur du L\u00e9man<\/title>\n<meta name=\"description\" content=\"Contribuez avec nous \u00e0 la sauvegarde et au maintien en service horaire des huit bateaux \u00e0 roues \u00e0 aubes de la Compagnie G\u00e9n\u00e9rale de Navigation sur le lac L\u00e9man.\" \/>\n<meta name=\"robots\" content=\"index, follow, max-snippet:-1, max-image-preview:large, max-video-preview:-1\" \/>\n<link rel=\"canonical\" href=\"https:\/\/www.abvl.ch\/en\/\" \/>\n<script type=\"application\/ld+json\" class=\"yoast-schema-graph\">{\"@context\":\"https:\\\/\\\/schema.org\",\"@graph\":[{\"@type\":\"WebPage\",\"@id\":\"https:\\\/\\\/www.abvl.ch\\\/en\\\/\",\"url\":\"https:\\\/\\\/www.abvl.ch\\\/en\\\/\",\"name\":\"ABVL | Association des amis des bateaux \u00e0 vapeur du L\u00e9man\",\"isPartOf\":{\"@id\":\"https:\\\/\\\/www.abvl.ch\\\/#website\"},\"primaryImageOfPage\":{\"@id\":\"https:\\\/\\\/www.abvl.ch\\\/en\\\/#primaryimage\"},\"image\":{\"@id\":\"https:\\\/\\\/www.abvl.ch\\\/en\\\/#primaryimage\"},\"thumbnailUrl\":\"https:\\\/\\\/www.abvl.ch\\\/wp-content\\\/uploads\\\/dji-0703-scaled.jpg\",\"datePublished\":\"2014-03-13T09:23:41+00:00\",\"dateModified\":\"2026-03-12T08:50:19+00:00\",\"description\":\"Contribuez avec nous \u00e0 la sauvegarde et au maintien en service horaire des huit bateaux \u00e0 roues \u00e0 aubes de la Compagnie G\u00e9n\u00e9rale de Navigation sur le lac L\u00e9man.\",\"breadcrumb\":{\"@id\":\"https:\\\/\\\/www.abvl.ch\\\/en\\\/#breadcrumb\"},\"inLanguage\":\"en-US\",\"potentialAction\":[{\"@type\":\"ReadAction\",\"target\":[\"https:\\\/\\\/www.abvl.ch\\\/en\\\/\"]}]},{\"@type\":\"ImageObject\",\"inLanguage\":\"en-US\",\"@id\":\"https:\\\/\\\/www.abvl.ch\\\/en\\\/#primaryimage\",\"url\":\"https:\\\/\\\/www.abvl.ch\\\/wp-content\\\/uploads\\\/dji-0703-scaled.jpg\",\"contentUrl\":\"https:\\\/\\\/www.abvl.ch\\\/wp-content\\\/uploads\\\/dji-0703-scaled.jpg\",\"width\":2560,\"height\":1920},{\"@type\":\"BreadcrumbList\",\"@id\":\"https:\\\/\\\/www.abvl.ch\\\/en\\\/#breadcrumb\",\"itemListElement\":[{\"@type\":\"ListItem\",\"position\":1,\"name\":\"Accueil\",\"item\":\"https:\\\/\\\/www.abvl.ch\\\/en\\\/\"},{\"@type\":\"ListItem\",\"position\":2,\"name\":\"Home\"}]},{\"@type\":\"WebSite\",\"@id\":\"https:\\\/\\\/www.abvl.ch\\\/#website\",\"url\":\"https:\\\/\\\/www.abvl.ch\\\/\",\"name\":\"ABVL | Association des amis des bateaux \u00e0 vapeur du L\u00e9man\",\"description\":\"\",\"potentialAction\":[{\"@type\":\"SearchAction\",\"target\":{\"@type\":\"EntryPoint\",\"urlTemplate\":\"https:\\\/\\\/www.abvl.ch\\\/?s={search_term_string}\"},\"query-input\":{\"@type\":\"PropertyValueSpecification\",\"valueRequired\":true,\"valueName\":\"search_term_string\"}}],\"inLanguage\":\"en-US\"}]}<\/script>\n<!-- \/ Yoast SEO plugin. -->","yoast_head_json":{"title":"ABVL | Association des amis des bateaux \u00e0 vapeur du L\u00e9man","description":"Contribuez avec nous \u00e0 la sauvegarde et au maintien en service horaire des huit bateaux \u00e0 roues \u00e0 aubes de la Compagnie G\u00e9n\u00e9rale de Navigation sur le lac L\u00e9man.","robots":{"index":"index","follow":"follow","max-snippet":"max-snippet:-1","max-image-preview":"max-image-preview:large","max-video-preview":"max-video-preview:-1"},"canonical":"https:\/\/www.abvl.ch\/en\/","schema":{"@context":"https:\/\/schema.org","@graph":[{"@type":"WebPage","@id":"https:\/\/www.abvl.ch\/en\/","url":"https:\/\/www.abvl.ch\/en\/","name":"ABVL | Association des amis des bateaux \u00e0 vapeur du L\u00e9man","isPartOf":{"@id":"https:\/\/www.abvl.ch\/#website"},"primaryImageOfPage":{"@id":"https:\/\/www.abvl.ch\/en\/#primaryimage"},"image":{"@id":"https:\/\/www.abvl.ch\/en\/#primaryimage"},"thumbnailUrl":"https:\/\/www.abvl.ch\/wp-content\/uploads\/dji-0703-scaled.jpg","datePublished":"2014-03-13T09:23:41+00:00","dateModified":"2026-03-12T08:50:19+00:00","description":"Contribuez avec nous \u00e0 la sauvegarde et au maintien en service horaire des huit bateaux \u00e0 roues \u00e0 aubes de la Compagnie G\u00e9n\u00e9rale de Navigation sur le lac L\u00e9man.","breadcrumb":{"@id":"https:\/\/www.abvl.ch\/en\/#breadcrumb"},"inLanguage":"en-US","potentialAction":[{"@type":"ReadAction","target":["https:\/\/www.abvl.ch\/en\/"]}]},{"@type":"ImageObject","inLanguage":"en-US","@id":"https:\/\/www.abvl.ch\/en\/#primaryimage","url":"https:\/\/www.abvl.ch\/wp-content\/uploads\/dji-0703-scaled.jpg","contentUrl":"https:\/\/www.abvl.ch\/wp-content\/uploads\/dji-0703-scaled.jpg","width":2560,"height":1920},{"@type":"BreadcrumbList","@id":"https:\/\/www.abvl.ch\/en\/#breadcrumb","itemListElement":[{"@type":"ListItem","position":1,"name":"Accueil","item":"https:\/\/www.abvl.ch\/en\/"},{"@type":"ListItem","position":2,"name":"Home"}]},{"@type":"WebSite","@id":"https:\/\/www.abvl.ch\/#website","url":"https:\/\/www.abvl.ch\/","name":"ABVL | Association des amis des bateaux \u00e0 vapeur du L\u00e9man","description":"","potentialAction":[{"@type":"SearchAction","target":{"@type":"EntryPoint","urlTemplate":"https:\/\/www.abvl.ch\/?s={search_term_string}"},"query-input":{"@type":"PropertyValueSpecification","valueRequired":true,"valueName":"search_term_string"}}],"inLanguage":"en-US"}]}},"_links":{"self":[{"href":"https:\/\/www.abvl.ch\/en\/wp-json\/wp\/v2\/pages\/6558","targetHints":{"allow":["GET"]}}],"collection":[{"href":"https:\/\/www.abvl.ch\/en\/wp-json\/wp\/v2\/pages"}],"about":[{"href":"https:\/\/www.abvl.ch\/en\/wp-json\/wp\/v2\/types\/page"}],"author":[{"embeddable":true,"href":"https:\/\/www.abvl.ch\/en\/wp-json\/wp\/v2\/users\/2"}],"replies":[{"embeddable":true,"href":"https:\/\/www.abvl.ch\/en\/wp-json\/wp\/v2\/comments?post=6558"}],"version-history":[{"count":20,"href":"https:\/\/www.abvl.ch\/en\/wp-json\/wp\/v2\/pages\/6558\/revisions"}],"predecessor-version":[{"id":14782,"href":"https:\/\/www.abvl.ch\/en\/wp-json\/wp\/v2\/pages\/6558\/revisions\/14782"}],"wp:featuredmedia":[{"embeddable":true,"href":"https:\/\/www.abvl.ch\/en\/wp-json\/wp\/v2\/media\/14776"}],"wp:attachment":[{"href":"https:\/\/www.abvl.ch\/en\/wp-json\/wp\/v2\/media?parent=6558"}],"curies":[{"name":"wp","href":"https:\/\/api.w.org\/{rel}","templated":true}]}}