{"id":14233,"date":"2025-07-28T15:12:18","date_gmt":"2025-07-28T13:12:18","guid":{"rendered":"https:\/\/www.abvl.ch\/produit\/bryx-bateau-belle-epoque\/"},"modified":"2025-07-28T15:39:47","modified_gmt":"2025-07-28T13:39:47","slug":"bryx-bateau-belle-epoque","status":"publish","type":"product","link":"https:\/\/www.abvl.ch\/de\/produkt\/bryx-bateau-belle-epoque\/","title":{"rendered":"Bryx Belle \u00c9poque Schiff"},"content":{"rendered":"<div class=\"the-content\"><p>207 Teile \/ ab 8 Jahren<\/p>\n<p>Die Schachtel enth\u00e4lt Aufkleber mit den Namen der 8 Belle-\u00c9poque-Schiffe, mit denen das Modell individuell gestaltet werden kann.<\/p>\n<\/div>","protected":false},"excerpt":{"rendered":"<p>207 Teile \/ ab 8 Jahren Die Schachtel enth\u00e4lt Aufkleber mit den Namen der 8 Belle-\u00c9poque-Schiffe, mit denen das Modell individuell gestaltet werden kann.<\/p>\n","protected":false},"featured_media":14237,"comment_status":"closed","ping_status":"closed","template":"","meta":{"_acf_changed":false,"_exactmetrics_skip_tracking":false,"_exactmetrics_sitenote_active":false,"_exactmetrics_sitenote_note":"","_exactmetrics_sitenote_category":0},"product_brand":[],"product_cat":[82],"product_tag":[],"class_list":{"0":"post-14233","1":"product","2":"type-product","3":"status-publish","4":"has-post-thumbnail","6":"product_cat-jouets-de","8":"first","9":"instock","10":"shipping-taxable","11":"purchasable","12":"product-type-simple"},"acf":[],"yoast_head":"<!-- This site is optimized with the Yoast SEO plugin v27.3 - https:\/\/yoast.com\/product\/yoast-seo-wordpress\/ -->\n<title>Bryx Belle \u00c9poque Schiff - ABVL | Association des amis des bateaux \u00e0 vapeur du L\u00e9man<\/title>\n<meta name=\"robots\" content=\"index, follow, max-snippet:-1, max-image-preview:large, max-video-preview:-1\" \/>\n<link rel=\"canonical\" href=\"https:\/\/www.abvl.ch\/de\/produkt\/bryx-bateau-belle-epoque\/\" \/>\n<meta name=\"twitter:label1\" content=\"Gesch\u00e4tzte Lesezeit\" \/>\n\t<meta name=\"twitter:data1\" content=\"1\u00a0Minute\" \/>\n<script type=\"application\/ld+json\" class=\"yoast-schema-graph\">{\"@context\":\"https:\\\/\\\/schema.org\",\"@graph\":[{\"@type\":\"WebPage\",\"@id\":\"https:\\\/\\\/www.abvl.ch\\\/de\\\/produkt\\\/bryx-bateau-belle-epoque\\\/\",\"url\":\"https:\\\/\\\/www.abvl.ch\\\/de\\\/produkt\\\/bryx-bateau-belle-epoque\\\/\",\"name\":\"Bryx Belle \u00c9poque Schiff - ABVL | Association des amis des bateaux \u00e0 vapeur du L\u00e9man\",\"isPartOf\":{\"@id\":\"https:\\\/\\\/www.abvl.ch\\\/#website\"},\"primaryImageOfPage\":{\"@id\":\"https:\\\/\\\/www.abvl.ch\\\/de\\\/produkt\\\/bryx-bateau-belle-epoque\\\/#primaryimage\"},\"image\":{\"@id\":\"https:\\\/\\\/www.abvl.ch\\\/de\\\/produkt\\\/bryx-bateau-belle-epoque\\\/#primaryimage\"},\"thumbnailUrl\":\"https:\\\/\\\/www.abvl.ch\\\/wp-content\\\/uploads\\\/photo-site-web.png\",\"datePublished\":\"2025-07-28T13:12:18+00:00\",\"dateModified\":\"2025-07-28T13:39:47+00:00\",\"breadcrumb\":{\"@id\":\"https:\\\/\\\/www.abvl.ch\\\/de\\\/produkt\\\/bryx-bateau-belle-epoque\\\/#breadcrumb\"},\"inLanguage\":\"de\",\"potentialAction\":[{\"@type\":\"ReadAction\",\"target\":[\"https:\\\/\\\/www.abvl.ch\\\/de\\\/produkt\\\/bryx-bateau-belle-epoque\\\/\"]}]},{\"@type\":\"ImageObject\",\"inLanguage\":\"de\",\"@id\":\"https:\\\/\\\/www.abvl.ch\\\/de\\\/produkt\\\/bryx-bateau-belle-epoque\\\/#primaryimage\",\"url\":\"https:\\\/\\\/www.abvl.ch\\\/wp-content\\\/uploads\\\/photo-site-web.png\",\"contentUrl\":\"https:\\\/\\\/www.abvl.ch\\\/wp-content\\\/uploads\\\/photo-site-web.png\",\"width\":1920,\"height\":1920},{\"@type\":\"BreadcrumbList\",\"@id\":\"https:\\\/\\\/www.abvl.ch\\\/de\\\/produkt\\\/bryx-bateau-belle-epoque\\\/#breadcrumb\",\"itemListElement\":[{\"@type\":\"ListItem\",\"position\":1,\"name\":\"Accueil\",\"item\":\"https:\\\/\\\/www.abvl.ch\\\/de\\\/\"},{\"@type\":\"ListItem\",\"position\":2,\"name\":\"Bryx Belle \u00c9poque Schiff\"}]},{\"@type\":\"WebSite\",\"@id\":\"https:\\\/\\\/www.abvl.ch\\\/#website\",\"url\":\"https:\\\/\\\/www.abvl.ch\\\/\",\"name\":\"ABVL | Association des amis des bateaux \u00e0 vapeur du L\u00e9man\",\"description\":\"\",\"potentialAction\":[{\"@type\":\"SearchAction\",\"target\":{\"@type\":\"EntryPoint\",\"urlTemplate\":\"https:\\\/\\\/www.abvl.ch\\\/?s={search_term_string}\"},\"query-input\":{\"@type\":\"PropertyValueSpecification\",\"valueRequired\":true,\"valueName\":\"search_term_string\"}}],\"inLanguage\":\"de\"}]}<\/script>\n<!-- \/ Yoast SEO plugin. -->","yoast_head_json":{"title":"Bryx Belle \u00c9poque Schiff - ABVL | Association des amis des bateaux \u00e0 vapeur du L\u00e9man","robots":{"index":"index","follow":"follow","max-snippet":"max-snippet:-1","max-image-preview":"max-image-preview:large","max-video-preview":"max-video-preview:-1"},"canonical":"https:\/\/www.abvl.ch\/de\/produkt\/bryx-bateau-belle-epoque\/","twitter_misc":{"Gesch\u00e4tzte Lesezeit":"1\u00a0Minute"},"schema":{"@context":"https:\/\/schema.org","@graph":[{"@type":"WebPage","@id":"https:\/\/www.abvl.ch\/de\/produkt\/bryx-bateau-belle-epoque\/","url":"https:\/\/www.abvl.ch\/de\/produkt\/bryx-bateau-belle-epoque\/","name":"Bryx Belle \u00c9poque Schiff - ABVL | Association des amis des bateaux \u00e0 vapeur du L\u00e9man","isPartOf":{"@id":"https:\/\/www.abvl.ch\/#website"},"primaryImageOfPage":{"@id":"https:\/\/www.abvl.ch\/de\/produkt\/bryx-bateau-belle-epoque\/#primaryimage"},"image":{"@id":"https:\/\/www.abvl.ch\/de\/produkt\/bryx-bateau-belle-epoque\/#primaryimage"},"thumbnailUrl":"https:\/\/www.abvl.ch\/wp-content\/uploads\/photo-site-web.png","datePublished":"2025-07-28T13:12:18+00:00","dateModified":"2025-07-28T13:39:47+00:00","breadcrumb":{"@id":"https:\/\/www.abvl.ch\/de\/produkt\/bryx-bateau-belle-epoque\/#breadcrumb"},"inLanguage":"de","potentialAction":[{"@type":"ReadAction","target":["https:\/\/www.abvl.ch\/de\/produkt\/bryx-bateau-belle-epoque\/"]}]},{"@type":"ImageObject","inLanguage":"de","@id":"https:\/\/www.abvl.ch\/de\/produkt\/bryx-bateau-belle-epoque\/#primaryimage","url":"https:\/\/www.abvl.ch\/wp-content\/uploads\/photo-site-web.png","contentUrl":"https:\/\/www.abvl.ch\/wp-content\/uploads\/photo-site-web.png","width":1920,"height":1920},{"@type":"BreadcrumbList","@id":"https:\/\/www.abvl.ch\/de\/produkt\/bryx-bateau-belle-epoque\/#breadcrumb","itemListElement":[{"@type":"ListItem","position":1,"name":"Accueil","item":"https:\/\/www.abvl.ch\/de\/"},{"@type":"ListItem","position":2,"name":"Bryx Belle \u00c9poque Schiff"}]},{"@type":"WebSite","@id":"https:\/\/www.abvl.ch\/#website","url":"https:\/\/www.abvl.ch\/","name":"ABVL | Association des amis des bateaux \u00e0 vapeur du L\u00e9man","description":"","potentialAction":[{"@type":"SearchAction","target":{"@type":"EntryPoint","urlTemplate":"https:\/\/www.abvl.ch\/?s={search_term_string}"},"query-input":{"@type":"PropertyValueSpecification","valueRequired":true,"valueName":"search_term_string"}}],"inLanguage":"de"}]}},"_links":{"self":[{"href":"https:\/\/www.abvl.ch\/de\/wp-json\/wp\/v2\/product\/14233","targetHints":{"allow":["GET"]}}],"collection":[{"href":"https:\/\/www.abvl.ch\/de\/wp-json\/wp\/v2\/product"}],"about":[{"href":"https:\/\/www.abvl.ch\/de\/wp-json\/wp\/v2\/types\/product"}],"replies":[{"embeddable":true,"href":"https:\/\/www.abvl.ch\/de\/wp-json\/wp\/v2\/comments?post=14233"}],"wp:featuredmedia":[{"embeddable":true,"href":"https:\/\/www.abvl.ch\/de\/wp-json\/wp\/v2\/media\/14237"}],"wp:attachment":[{"href":"https:\/\/www.abvl.ch\/de\/wp-json\/wp\/v2\/media?parent=14233"}],"wp:term":[{"taxonomy":"product_brand","embeddable":true,"href":"https:\/\/www.abvl.ch\/de\/wp-json\/wp\/v2\/product_brand?post=14233"},{"taxonomy":"product_cat","embeddable":true,"href":"https:\/\/www.abvl.ch\/de\/wp-json\/wp\/v2\/product_cat?post=14233"},{"taxonomy":"product_tag","embeddable":true,"href":"https:\/\/www.abvl.ch\/de\/wp-json\/wp\/v2\/product_tag?post=14233"}],"curies":[{"name":"wp","href":"https:\/\/api.w.org\/{rel}","templated":true}]}}