{"id":12341,"date":"2023-12-10T19:31:04","date_gmt":"2023-12-10T18:31:04","guid":{"rendered":"https:\/\/www.abvl.ch\/produit\/karten-portkarten\/"},"modified":"2023-12-17T01:29:31","modified_gmt":"2023-12-17T00:29:31","slug":"karten-portkarten","status":"publish","type":"product","link":"https:\/\/www.abvl.ch\/de\/produkt\/karten-portkarten\/","title":{"rendered":"Karten &#038; Portkarten"},"content":{"rendered":"<div class=\"the-content\"><p>Nur f\u00fcr die Karten: mit technischem Blatt auf der R\u00fcckseite und passendem Umschlag<\/p>\n<p>Solange der Vorrat reicht.<\/p>\n<p>Ab 50 St\u00fcck: 2.5.- CHF \/ Einheit<\/p>\n<\/div>","protected":false},"excerpt":{"rendered":"<p>Nur f\u00fcr die Karten: mit technischem Blatt auf der R\u00fcckseite und passendem Umschlag Solange der Vorrat reicht. Ab 50 St\u00fcck: 2.5.- CHF \/ Einheit<\/p>\n","protected":false},"featured_media":12409,"comment_status":"closed","ping_status":"closed","template":"","meta":{"_acf_changed":false,"_exactmetrics_skip_tracking":false,"_exactmetrics_sitenote_active":false,"_exactmetrics_sitenote_note":"","_exactmetrics_sitenote_category":0},"product_brand":[],"product_cat":[66],"product_tag":[],"class_list":{"0":"post-12341","1":"product","2":"type-product","3":"status-publish","4":"has-post-thumbnail","6":"product_cat-drucke","8":"first","9":"instock","10":"sale","11":"shipping-taxable","12":"purchasable","13":"product-type-variable"},"acf":[],"yoast_head":"<!-- This site is optimized with the Yoast SEO plugin v27.6 - https:\/\/yoast.com\/product\/yoast-seo-wordpress\/ -->\n<title>Karten &amp; Portkarten - ABVL | Association des amis des bateaux \u00e0 vapeur du L\u00e9man<\/title>\n<meta name=\"robots\" content=\"index, follow, max-snippet:-1, max-image-preview:large, max-video-preview:-1\" \/>\n<link rel=\"canonical\" href=\"https:\/\/www.abvl.ch\/de\/produkt\/karten-portkarten\/\" \/>\n<meta name=\"twitter:label1\" content=\"Gesch\u00e4tzte Lesezeit\" \/>\n\t<meta name=\"twitter:data1\" content=\"1\u00a0Minute\" \/>\n<script type=\"application\/ld+json\" class=\"yoast-schema-graph\">{\"@context\":\"https:\\\/\\\/schema.org\",\"@graph\":[{\"@type\":\"WebPage\",\"@id\":\"https:\\\/\\\/www.abvl.ch\\\/de\\\/produkt\\\/karten-portkarten\\\/\",\"url\":\"https:\\\/\\\/www.abvl.ch\\\/de\\\/produkt\\\/karten-portkarten\\\/\",\"name\":\"Karten & Portkarten - ABVL | Association des amis des bateaux \u00e0 vapeur du L\u00e9man\",\"isPartOf\":{\"@id\":\"https:\\\/\\\/www.abvl.ch\\\/#website\"},\"primaryImageOfPage\":{\"@id\":\"https:\\\/\\\/www.abvl.ch\\\/de\\\/produkt\\\/karten-portkarten\\\/#primaryimage\"},\"image\":{\"@id\":\"https:\\\/\\\/www.abvl.ch\\\/de\\\/produkt\\\/karten-portkarten\\\/#primaryimage\"},\"thumbnailUrl\":\"https:\\\/\\\/www.abvl.ch\\\/wp-content\\\/uploads\\\/mosaique-cartes-postales-abvl.jpg\",\"datePublished\":\"2023-12-10T18:31:04+00:00\",\"dateModified\":\"2023-12-17T00:29:31+00:00\",\"breadcrumb\":{\"@id\":\"https:\\\/\\\/www.abvl.ch\\\/de\\\/produkt\\\/karten-portkarten\\\/#breadcrumb\"},\"inLanguage\":\"de\",\"potentialAction\":[{\"@type\":\"ReadAction\",\"target\":[\"https:\\\/\\\/www.abvl.ch\\\/de\\\/produkt\\\/karten-portkarten\\\/\"]}]},{\"@type\":\"ImageObject\",\"inLanguage\":\"de\",\"@id\":\"https:\\\/\\\/www.abvl.ch\\\/de\\\/produkt\\\/karten-portkarten\\\/#primaryimage\",\"url\":\"https:\\\/\\\/www.abvl.ch\\\/wp-content\\\/uploads\\\/mosaique-cartes-postales-abvl.jpg\",\"contentUrl\":\"https:\\\/\\\/www.abvl.ch\\\/wp-content\\\/uploads\\\/mosaique-cartes-postales-abvl.jpg\",\"width\":1024,\"height\":1024},{\"@type\":\"BreadcrumbList\",\"@id\":\"https:\\\/\\\/www.abvl.ch\\\/de\\\/produkt\\\/karten-portkarten\\\/#breadcrumb\",\"itemListElement\":[{\"@type\":\"ListItem\",\"position\":1,\"name\":\"Accueil\",\"item\":\"https:\\\/\\\/www.abvl.ch\\\/de\\\/\"},{\"@type\":\"ListItem\",\"position\":2,\"name\":\"Karten &#038; Portkarten\"}]},{\"@type\":\"WebSite\",\"@id\":\"https:\\\/\\\/www.abvl.ch\\\/#website\",\"url\":\"https:\\\/\\\/www.abvl.ch\\\/\",\"name\":\"ABVL | Association des amis des bateaux \u00e0 vapeur du L\u00e9man\",\"description\":\"\",\"potentialAction\":[{\"@type\":\"SearchAction\",\"target\":{\"@type\":\"EntryPoint\",\"urlTemplate\":\"https:\\\/\\\/www.abvl.ch\\\/?s={search_term_string}\"},\"query-input\":{\"@type\":\"PropertyValueSpecification\",\"valueRequired\":true,\"valueName\":\"search_term_string\"}}],\"inLanguage\":\"de\"}]}<\/script>\n<!-- \/ Yoast SEO plugin. -->","yoast_head_json":{"title":"Karten & Portkarten - ABVL | Association des amis des bateaux \u00e0 vapeur du L\u00e9man","robots":{"index":"index","follow":"follow","max-snippet":"max-snippet:-1","max-image-preview":"max-image-preview:large","max-video-preview":"max-video-preview:-1"},"canonical":"https:\/\/www.abvl.ch\/de\/produkt\/karten-portkarten\/","twitter_misc":{"Gesch\u00e4tzte Lesezeit":"1\u00a0Minute"},"schema":{"@context":"https:\/\/schema.org","@graph":[{"@type":"WebPage","@id":"https:\/\/www.abvl.ch\/de\/produkt\/karten-portkarten\/","url":"https:\/\/www.abvl.ch\/de\/produkt\/karten-portkarten\/","name":"Karten & Portkarten - ABVL | Association des amis des bateaux \u00e0 vapeur du L\u00e9man","isPartOf":{"@id":"https:\/\/www.abvl.ch\/#website"},"primaryImageOfPage":{"@id":"https:\/\/www.abvl.ch\/de\/produkt\/karten-portkarten\/#primaryimage"},"image":{"@id":"https:\/\/www.abvl.ch\/de\/produkt\/karten-portkarten\/#primaryimage"},"thumbnailUrl":"https:\/\/www.abvl.ch\/wp-content\/uploads\/mosaique-cartes-postales-abvl.jpg","datePublished":"2023-12-10T18:31:04+00:00","dateModified":"2023-12-17T00:29:31+00:00","breadcrumb":{"@id":"https:\/\/www.abvl.ch\/de\/produkt\/karten-portkarten\/#breadcrumb"},"inLanguage":"de","potentialAction":[{"@type":"ReadAction","target":["https:\/\/www.abvl.ch\/de\/produkt\/karten-portkarten\/"]}]},{"@type":"ImageObject","inLanguage":"de","@id":"https:\/\/www.abvl.ch\/de\/produkt\/karten-portkarten\/#primaryimage","url":"https:\/\/www.abvl.ch\/wp-content\/uploads\/mosaique-cartes-postales-abvl.jpg","contentUrl":"https:\/\/www.abvl.ch\/wp-content\/uploads\/mosaique-cartes-postales-abvl.jpg","width":1024,"height":1024},{"@type":"BreadcrumbList","@id":"https:\/\/www.abvl.ch\/de\/produkt\/karten-portkarten\/#breadcrumb","itemListElement":[{"@type":"ListItem","position":1,"name":"Accueil","item":"https:\/\/www.abvl.ch\/de\/"},{"@type":"ListItem","position":2,"name":"Karten &#038; Portkarten"}]},{"@type":"WebSite","@id":"https:\/\/www.abvl.ch\/#website","url":"https:\/\/www.abvl.ch\/","name":"ABVL | Association des amis des bateaux \u00e0 vapeur du L\u00e9man","description":"","potentialAction":[{"@type":"SearchAction","target":{"@type":"EntryPoint","urlTemplate":"https:\/\/www.abvl.ch\/?s={search_term_string}"},"query-input":{"@type":"PropertyValueSpecification","valueRequired":true,"valueName":"search_term_string"}}],"inLanguage":"de"}]}},"_links":{"self":[{"href":"https:\/\/www.abvl.ch\/de\/wp-json\/wp\/v2\/product\/12341","targetHints":{"allow":["GET"]}}],"collection":[{"href":"https:\/\/www.abvl.ch\/de\/wp-json\/wp\/v2\/product"}],"about":[{"href":"https:\/\/www.abvl.ch\/de\/wp-json\/wp\/v2\/types\/product"}],"replies":[{"embeddable":true,"href":"https:\/\/www.abvl.ch\/de\/wp-json\/wp\/v2\/comments?post=12341"}],"wp:featuredmedia":[{"embeddable":true,"href":"https:\/\/www.abvl.ch\/de\/wp-json\/wp\/v2\/media\/12409"}],"wp:attachment":[{"href":"https:\/\/www.abvl.ch\/de\/wp-json\/wp\/v2\/media?parent=12341"}],"wp:term":[{"taxonomy":"product_brand","embeddable":true,"href":"https:\/\/www.abvl.ch\/de\/wp-json\/wp\/v2\/product_brand?post=12341"},{"taxonomy":"product_cat","embeddable":true,"href":"https:\/\/www.abvl.ch\/de\/wp-json\/wp\/v2\/product_cat?post=12341"},{"taxonomy":"product_tag","embeddable":true,"href":"https:\/\/www.abvl.ch\/de\/wp-json\/wp\/v2\/product_tag?post=12341"}],"curies":[{"name":"wp","href":"https:\/\/api.w.org\/{rel}","templated":true}]}}