{"id":94,"date":"2014-03-13T15:22:21","date_gmt":"2014-03-13T14:22:21","guid":{"rendered":"http:\/\/www.abvl.ch\/?page_id=94"},"modified":"2025-10-08T15:00:10","modified_gmt":"2025-10-08T13:00:10","slug":"derverein","status":"publish","type":"page","link":"https:\/\/www.abvl.ch\/de\/derverein\/","title":{"rendered":"\u00dcber uns"},"content":{"rendered":"<div class=\"the-content\"><p>Die \u201eAssociation des amis des bateaux \u00e0 vapeur du L\u00e9man \/ ABVL\u201c (Dampferfreunde Genfersee) ist ein gemeinn\u00fctziger Verein mit Sitz in Lausanne und dem statutarischen Ziel, durch Spendenaufrufe zur Erhaltung und dem fahrplanm\u00e4ssigen Einsatz der acht Belle Epoque Schaufelradschiffe der Compagnie G\u00e9n\u00e9rale de Navigation sur le lac L\u00e9man (CGN), n\u00e4mlich \u00a0<em>Montreux, Vevey, Italie, La Suisse, Savoie, Simplon, Helv\u00e9tie und Rh\u00f4ne, <\/em>beizutragen.<\/p>\n<p>ABVL wurde im Juni 2002 durch eine Gruppe von begeisterten Dampferfreunden gegr\u00fcndet, die besorgt waren, dass die historische Flotte zunehmend wegen finanziellen Schwierigkeiten in Gefahr stand. Heute z\u00e4hlt der Verein ca. 4&#8217;000 aktive Mitglieder und 20&#8217;000 G\u00f6nner. Der Verein ist im Handelsregister des Kantons Waadt eingetragen.<\/p>\n<p>Dank ihren grossen Anstrengungen wurden seither sieben der acht Schaufelradschiffe vollst\u00e4ndig oder teilweise renoviert.<\/p>\n<p>Bis zum heutigen Tag hat die ABVL total fast 40 Millionen SFr. der CGN zur Verf\u00fcgung gestellt. Das entspricht ca. 35% der Gesamtausgaben f\u00fcr die Erhaltung der acht historischen Schiffe.<\/p>\n<p>&nbsp;<\/p>\n<h2><strong>Strukturen des Vereins <\/strong><\/h2>\n<p>Die Organe der ABVL sind\u00a0: die Hauptversammlung, der Vorstand und die Revisionsstelle.<\/p>\n<p>Die Hauptversammlung ist das oberste Organ des Vereins und tagt ein Mal im Jahr.<\/p>\n<p>&nbsp;<\/p>\n<h2><strong>Statuten<\/strong><\/h2>\n<p>Bitte konsultieren Sie: <a href=\"https:\/\/www.abvl.ch\/wp-content\/uploads\/abvl-statuts-2021.pdf\">ABVL-Statuten<\/a><\/p>\n<p>&nbsp;<\/p>\n<h2><strong>Die Stiftung Pro Vapore<\/strong><\/h2>\n<p>Die ABVL hat im Jahre 2006 eine Stiftung mit den gleichen statutarischen Zielen mit Sitz in Genf gegr\u00fcndet, der sie die erhaltenen Spenden anvertraut.<\/p>\n<p>Pro Vapore \u00a0ist im dortigen Handelsregister eingetragen und untersteht der Aufsicht der kantonalen Stiftungsaufsicht. Sie ist steuerbefreit.<\/p>\n<p>Der Stiftungsrat bestimmt in enger Zusammenarbeit mit der ABVL und der CGN \u00fcber die Verwendung der Spendengelder.<\/p>\n<\/div>","protected":false},"excerpt":{"rendered":"<p>Die \u201eAssociation des amis des bateaux \u00e0 vapeur du L\u00e9man \/ ABVL\u201c (Dampferfreunde Genfersee) ist ein gemeinn\u00fctziger Verein mit Sitz in Lausanne und dem statutarischen Ziel, durch Spendenaufrufe zur Erhaltung und dem fahrplanm\u00e4ssigen Einsatz der acht Belle Epoque Schaufelradschiffe der Compagnie G\u00e9n\u00e9rale de Navigation sur le lac L\u00e9man (CGN), n\u00e4mlich \u00a0Montreux, Vevey, Italie, La Suisse, [&hellip;]<\/p>\n","protected":false},"author":2,"featured_media":0,"parent":0,"menu_order":4,"comment_status":"closed","ping_status":"closed","template":"","meta":{"_acf_changed":false,"_exactmetrics_skip_tracking":false,"_exactmetrics_sitenote_active":false,"_exactmetrics_sitenote_note":"","_exactmetrics_sitenote_category":0,"footnotes":""},"class_list":["post-94","page","type-page","status-publish","hentry"],"acf":[],"yoast_head":"<!-- This site is optimized with the Yoast SEO plugin v27.5 - https:\/\/yoast.com\/product\/yoast-seo-wordpress\/ -->\n<title>\u00dcber uns - ABVL | Association des amis des bateaux \u00e0 vapeur du L\u00e9man<\/title>\n<meta name=\"robots\" content=\"index, follow, max-snippet:-1, max-image-preview:large, max-video-preview:-1\" \/>\n<link rel=\"canonical\" href=\"https:\/\/www.abvl.ch\/de\/derverein\/\" \/>\n<meta name=\"twitter:label1\" content=\"Gesch\u00e4tzte Lesezeit\" \/>\n\t<meta name=\"twitter:data1\" content=\"1\u00a0Minute\" \/>\n<script type=\"application\/ld+json\" class=\"yoast-schema-graph\">{\"@context\":\"https:\\\/\\\/schema.org\",\"@graph\":[{\"@type\":\"WebPage\",\"@id\":\"https:\\\/\\\/www.abvl.ch\\\/de\\\/derverein\\\/\",\"url\":\"https:\\\/\\\/www.abvl.ch\\\/de\\\/derverein\\\/\",\"name\":\"\u00dcber uns - ABVL | Association des amis des bateaux \u00e0 vapeur du L\u00e9man\",\"isPartOf\":{\"@id\":\"https:\\\/\\\/www.abvl.ch\\\/#website\"},\"datePublished\":\"2014-03-13T14:22:21+00:00\",\"dateModified\":\"2025-10-08T13:00:10+00:00\",\"breadcrumb\":{\"@id\":\"https:\\\/\\\/www.abvl.ch\\\/de\\\/derverein\\\/#breadcrumb\"},\"inLanguage\":\"de\",\"potentialAction\":[{\"@type\":\"ReadAction\",\"target\":[\"https:\\\/\\\/www.abvl.ch\\\/de\\\/derverein\\\/\"]}]},{\"@type\":\"BreadcrumbList\",\"@id\":\"https:\\\/\\\/www.abvl.ch\\\/de\\\/derverein\\\/#breadcrumb\",\"itemListElement\":[{\"@type\":\"ListItem\",\"position\":1,\"name\":\"Accueil\",\"item\":\"https:\\\/\\\/www.abvl.ch\\\/de\\\/\"},{\"@type\":\"ListItem\",\"position\":2,\"name\":\"\u00dcber uns\"}]},{\"@type\":\"WebSite\",\"@id\":\"https:\\\/\\\/www.abvl.ch\\\/#website\",\"url\":\"https:\\\/\\\/www.abvl.ch\\\/\",\"name\":\"ABVL | Association des amis des bateaux \u00e0 vapeur du L\u00e9man\",\"description\":\"\",\"potentialAction\":[{\"@type\":\"SearchAction\",\"target\":{\"@type\":\"EntryPoint\",\"urlTemplate\":\"https:\\\/\\\/www.abvl.ch\\\/?s={search_term_string}\"},\"query-input\":{\"@type\":\"PropertyValueSpecification\",\"valueRequired\":true,\"valueName\":\"search_term_string\"}}],\"inLanguage\":\"de\"}]}<\/script>\n<!-- \/ Yoast SEO plugin. -->","yoast_head_json":{"title":"\u00dcber uns - ABVL | Association des amis des bateaux \u00e0 vapeur du L\u00e9man","robots":{"index":"index","follow":"follow","max-snippet":"max-snippet:-1","max-image-preview":"max-image-preview:large","max-video-preview":"max-video-preview:-1"},"canonical":"https:\/\/www.abvl.ch\/de\/derverein\/","twitter_misc":{"Gesch\u00e4tzte Lesezeit":"1\u00a0Minute"},"schema":{"@context":"https:\/\/schema.org","@graph":[{"@type":"WebPage","@id":"https:\/\/www.abvl.ch\/de\/derverein\/","url":"https:\/\/www.abvl.ch\/de\/derverein\/","name":"\u00dcber uns - ABVL | Association des amis des bateaux \u00e0 vapeur du L\u00e9man","isPartOf":{"@id":"https:\/\/www.abvl.ch\/#website"},"datePublished":"2014-03-13T14:22:21+00:00","dateModified":"2025-10-08T13:00:10+00:00","breadcrumb":{"@id":"https:\/\/www.abvl.ch\/de\/derverein\/#breadcrumb"},"inLanguage":"de","potentialAction":[{"@type":"ReadAction","target":["https:\/\/www.abvl.ch\/de\/derverein\/"]}]},{"@type":"BreadcrumbList","@id":"https:\/\/www.abvl.ch\/de\/derverein\/#breadcrumb","itemListElement":[{"@type":"ListItem","position":1,"name":"Accueil","item":"https:\/\/www.abvl.ch\/de\/"},{"@type":"ListItem","position":2,"name":"\u00dcber uns"}]},{"@type":"WebSite","@id":"https:\/\/www.abvl.ch\/#website","url":"https:\/\/www.abvl.ch\/","name":"ABVL | Association des amis des bateaux \u00e0 vapeur du L\u00e9man","description":"","potentialAction":[{"@type":"SearchAction","target":{"@type":"EntryPoint","urlTemplate":"https:\/\/www.abvl.ch\/?s={search_term_string}"},"query-input":{"@type":"PropertyValueSpecification","valueRequired":true,"valueName":"search_term_string"}}],"inLanguage":"de"}]}},"_links":{"self":[{"href":"https:\/\/www.abvl.ch\/de\/wp-json\/wp\/v2\/pages\/94","targetHints":{"allow":["GET"]}}],"collection":[{"href":"https:\/\/www.abvl.ch\/de\/wp-json\/wp\/v2\/pages"}],"about":[{"href":"https:\/\/www.abvl.ch\/de\/wp-json\/wp\/v2\/types\/page"}],"author":[{"embeddable":true,"href":"https:\/\/www.abvl.ch\/de\/wp-json\/wp\/v2\/users\/2"}],"replies":[{"embeddable":true,"href":"https:\/\/www.abvl.ch\/de\/wp-json\/wp\/v2\/comments?post=94"}],"version-history":[{"count":67,"href":"https:\/\/www.abvl.ch\/de\/wp-json\/wp\/v2\/pages\/94\/revisions"}],"predecessor-version":[{"id":14434,"href":"https:\/\/www.abvl.ch\/de\/wp-json\/wp\/v2\/pages\/94\/revisions\/14434"}],"wp:attachment":[{"href":"https:\/\/www.abvl.ch\/de\/wp-json\/wp\/v2\/media?parent=94"}],"curies":[{"name":"wp","href":"https:\/\/api.w.org\/{rel}","templated":true}]}}