{"id":532,"date":"2014-03-13T15:23:25","date_gmt":"2014-03-13T14:23:25","guid":{"rendered":"http:\/\/www.abvl.ch\/?page_id=532"},"modified":"2021-01-05T11:07:44","modified_gmt":"2021-01-05T10:07:44","slug":"liens","status":"publish","type":"page","link":"https:\/\/www.abvl.ch\/de\/liens\/","title":{"rendered":"Links"},"content":{"rendered":"<div class=\"the-content\"><ul class=\"links\">\n<li id=\"linkcat-7\" class=\"linkcat\">\n<h3>Schiffahrt<\/h3>\n<\/li>\n<\/ul>\n<p><strong><a title=\"Compagnie G\u00e9n\u00e9ral de Navigation \u2013 Le Groupe CGN\" href=\"http:\/\/www.cgn.ch\/\" target=\"_blank\" rel=\"noopener noreferrer\">CGN \u2013 Offizielle Webseite<\/a><\/strong><br \/>\nCompagnie G\u00e9n\u00e9rale de Navigation \u2013 Le Groupe CGN<\/p>\n<p><strong><a href=\"http:\/\/www.publidoc.vd.ch\/guestDownload\/direct\/Projet%20de%20budget%202017,%20annexes.pdf?path=\/Company%20Home\/VD\/CHANC\/SIEL\/antilope\/objet%2FCE%2FCommuniqu%C3%A9+de+presse%2F2011%2F06%2F366002_Classement+flotte+CGN_Argumentaire+complet_20110617_871179.PDF\">Etat de Vaud <\/a><\/strong>&#8211; Site officiel consacr\u00e9 \u00e0 la\u00a0flotte Belle Epoque de la CGN<\/p>\n<p><strong><a title=\"Lac L\u00e9man (Geschichte der Schifffahrt, Fischerei, Fauna)\" href=\"http:\/\/www.museeduleman.ch\/fr\/\">Mus\u00e9e du L\u00e9man<\/a><\/strong><br \/>\nLac L\u00e9man (Geschichte der Schifffahrt, Fischerei, Fauna)<\/p>\n<p><strong><a title=\"Fotografien f\u00fcr die ABVL\" href=\"https:\/\/www.facebook.com\/pages\/ABVL_Photos-Straessl%C3%A9\/156545544434217\" target=\"_blank\" rel=\"noopener noreferrer\">Page FaceBook &#8222;Photos de Jacques Straessl\u00e9&#8220;<\/a><\/strong><br \/>\nFotografien f\u00fcr die ABVL<\/p>\n<p><strong><a title=\"Widmet sich der Dokumentation \u00fcber das historische Kulturgut der Genfersee \u2013 Schifffahrt\" href=\"http:\/\/www.patrimoine-leman.ch\/\" target=\"_blank\" rel=\"noopener noreferrer\">Association Patrimoine du L\u00e9man<\/a><\/strong><br \/>\nWidmet sich der Dokumentation \u00fcber das historische Kulturgut der Genfersee \u2013 Schifffahrt<\/p>\n<p><strong><a title=\"Widmet sich der Dokumentation \u00fcber das historische Kulturgut der Genfersee \u2013 Schifffahrt\" href=\"http:\/\/www.bateauxvapeur.ch\/index-fr.html\" target=\"_blank\" rel=\"noopener noreferrer\">Freunde der Dampfer in der Schweiz<\/a><\/strong><br \/>\nVerb\u00e4nde, die den Erhalt von Belle-Epoque-Schiffe in der Schweiz unterst\u00fctzen<\/p>\n<p><strong><a title=\"Grosse Schiffe des Lac L\u00e9man \u2013 Geschichte \u2013 Technik \u2013 Zukunft\" href=\"http:\/\/www.bateaux-du-leman.ch\/\" target=\"_blank\" rel=\"noopener noreferrer\">Les Bateaux du L\u00e9man<\/a><\/strong><br \/>\nGrosse Schiffe des Lac L\u00e9man \u2013 Geschichte \u2013 Technik \u2013 Zukunft<\/p>\n<p><strong><a href=\"http:\/\/www.swissitalianpaddlesteamers.com\">Swiss\u00a0&amp; italian paddle steamers<\/a><\/strong><br \/>\nby John Bird (UK)<\/p>\n<p><strong><a title=\"Site de l\u2019ancienne barque du lac L\u00e9man La Vaudoise et de la Confr\u00e9rie des Pirates d\u2019Ouchy\" href=\"http:\/\/www2.lavaudoise.com\" target=\"_blank\" rel=\"noopener noreferrer\">Confr\u00e9rie des Pirates d\u2019Ouchy<\/a><\/strong><br \/>\nSite de l\u2019ancienne barque du lac L\u00e9man La Vaudoise et de la Confr\u00e9rie des Pirates d\u2019Ouchy<\/p>\n<p><strong><a href=\"http:\/\/www.dampferzeitung.ch\/\" target=\"_blank\" rel=\"noopener noreferrer\">Dampferzeitung<\/a><\/strong><\/p>\n<ul class=\"links\">\n<li id=\"linkcat-9\" class=\"linkcat\">\n<h3>Tourismus<\/h3>\n<\/li>\n<\/ul>\n<p><a href=\"http:\/\/www.hotellescygnes.com\/\" target=\"_blank\" rel=\"noopener noreferrer\"><strong>H\u00f4tel des Cygnes \u00e0 Evian<\/strong><\/a><\/p>\n<\/div>","protected":false},"excerpt":{"rendered":"<p>Schiffahrt CGN \u2013 Offizielle Webseite Compagnie G\u00e9n\u00e9rale de Navigation \u2013 Le Groupe CGN Etat de Vaud &#8211; Site officiel consacr\u00e9 \u00e0 la\u00a0flotte Belle Epoque de la CGN Mus\u00e9e du L\u00e9man Lac L\u00e9man (Geschichte der Schifffahrt, Fischerei, Fauna) Page FaceBook &#8222;Photos de Jacques Straessl\u00e9&#8220; Fotografien f\u00fcr die ABVL Association Patrimoine du L\u00e9man Widmet sich der Dokumentation [&hellip;]<\/p>\n","protected":false},"author":1,"featured_media":0,"parent":0,"menu_order":19,"comment_status":"closed","ping_status":"closed","template":"","meta":{"_acf_changed":false,"_exactmetrics_skip_tracking":false,"_exactmetrics_sitenote_active":false,"_exactmetrics_sitenote_note":"","_exactmetrics_sitenote_category":0,"footnotes":""},"class_list":["post-532","page","type-page","status-publish","hentry"],"acf":[],"yoast_head":"<!-- This site is optimized with the Yoast SEO plugin v27.5 - https:\/\/yoast.com\/product\/yoast-seo-wordpress\/ -->\n<title>Links - ABVL | Association des amis des bateaux \u00e0 vapeur du L\u00e9man<\/title>\n<meta name=\"robots\" content=\"index, follow, max-snippet:-1, max-image-preview:large, max-video-preview:-1\" \/>\n<link rel=\"canonical\" href=\"https:\/\/www.abvl.ch\/liens\/\" \/>\n<meta name=\"twitter:label1\" content=\"Gesch\u00e4tzte Lesezeit\" \/>\n\t<meta name=\"twitter:data1\" content=\"1\u00a0Minute\" \/>\n<script type=\"application\/ld+json\" class=\"yoast-schema-graph\">{\"@context\":\"https:\\\/\\\/schema.org\",\"@graph\":[{\"@type\":\"WebPage\",\"@id\":\"https:\\\/\\\/www.abvl.ch\\\/liens\\\/\",\"url\":\"https:\\\/\\\/www.abvl.ch\\\/liens\\\/\",\"name\":\"Links - ABVL | Association des amis des bateaux \u00e0 vapeur du L\u00e9man\",\"isPartOf\":{\"@id\":\"https:\\\/\\\/www.abvl.ch\\\/#website\"},\"datePublished\":\"2014-03-13T14:23:25+00:00\",\"dateModified\":\"2021-01-05T10:07:44+00:00\",\"breadcrumb\":{\"@id\":\"https:\\\/\\\/www.abvl.ch\\\/liens\\\/#breadcrumb\"},\"inLanguage\":\"de\",\"potentialAction\":[{\"@type\":\"ReadAction\",\"target\":[\"https:\\\/\\\/www.abvl.ch\\\/liens\\\/\"]}]},{\"@type\":\"BreadcrumbList\",\"@id\":\"https:\\\/\\\/www.abvl.ch\\\/liens\\\/#breadcrumb\",\"itemListElement\":[{\"@type\":\"ListItem\",\"position\":1,\"name\":\"Accueil\",\"item\":\"https:\\\/\\\/www.abvl.ch\\\/de\\\/\"},{\"@type\":\"ListItem\",\"position\":2,\"name\":\"Links\"}]},{\"@type\":\"WebSite\",\"@id\":\"https:\\\/\\\/www.abvl.ch\\\/#website\",\"url\":\"https:\\\/\\\/www.abvl.ch\\\/\",\"name\":\"ABVL | Association des amis des bateaux \u00e0 vapeur du L\u00e9man\",\"description\":\"\",\"potentialAction\":[{\"@type\":\"SearchAction\",\"target\":{\"@type\":\"EntryPoint\",\"urlTemplate\":\"https:\\\/\\\/www.abvl.ch\\\/?s={search_term_string}\"},\"query-input\":{\"@type\":\"PropertyValueSpecification\",\"valueRequired\":true,\"valueName\":\"search_term_string\"}}],\"inLanguage\":\"de\"}]}<\/script>\n<!-- \/ Yoast SEO plugin. -->","yoast_head_json":{"title":"Links - ABVL | Association des amis des bateaux \u00e0 vapeur du L\u00e9man","robots":{"index":"index","follow":"follow","max-snippet":"max-snippet:-1","max-image-preview":"max-image-preview:large","max-video-preview":"max-video-preview:-1"},"canonical":"https:\/\/www.abvl.ch\/liens\/","twitter_misc":{"Gesch\u00e4tzte Lesezeit":"1\u00a0Minute"},"schema":{"@context":"https:\/\/schema.org","@graph":[{"@type":"WebPage","@id":"https:\/\/www.abvl.ch\/liens\/","url":"https:\/\/www.abvl.ch\/liens\/","name":"Links - ABVL | Association des amis des bateaux \u00e0 vapeur du L\u00e9man","isPartOf":{"@id":"https:\/\/www.abvl.ch\/#website"},"datePublished":"2014-03-13T14:23:25+00:00","dateModified":"2021-01-05T10:07:44+00:00","breadcrumb":{"@id":"https:\/\/www.abvl.ch\/liens\/#breadcrumb"},"inLanguage":"de","potentialAction":[{"@type":"ReadAction","target":["https:\/\/www.abvl.ch\/liens\/"]}]},{"@type":"BreadcrumbList","@id":"https:\/\/www.abvl.ch\/liens\/#breadcrumb","itemListElement":[{"@type":"ListItem","position":1,"name":"Accueil","item":"https:\/\/www.abvl.ch\/de\/"},{"@type":"ListItem","position":2,"name":"Links"}]},{"@type":"WebSite","@id":"https:\/\/www.abvl.ch\/#website","url":"https:\/\/www.abvl.ch\/","name":"ABVL | Association des amis des bateaux \u00e0 vapeur du L\u00e9man","description":"","potentialAction":[{"@type":"SearchAction","target":{"@type":"EntryPoint","urlTemplate":"https:\/\/www.abvl.ch\/?s={search_term_string}"},"query-input":{"@type":"PropertyValueSpecification","valueRequired":true,"valueName":"search_term_string"}}],"inLanguage":"de"}]}},"_links":{"self":[{"href":"https:\/\/www.abvl.ch\/de\/wp-json\/wp\/v2\/pages\/532","targetHints":{"allow":["GET"]}}],"collection":[{"href":"https:\/\/www.abvl.ch\/de\/wp-json\/wp\/v2\/pages"}],"about":[{"href":"https:\/\/www.abvl.ch\/de\/wp-json\/wp\/v2\/types\/page"}],"author":[{"embeddable":true,"href":"https:\/\/www.abvl.ch\/de\/wp-json\/wp\/v2\/users\/1"}],"replies":[{"embeddable":true,"href":"https:\/\/www.abvl.ch\/de\/wp-json\/wp\/v2\/comments?post=532"}],"version-history":[{"count":21,"href":"https:\/\/www.abvl.ch\/de\/wp-json\/wp\/v2\/pages\/532\/revisions"}],"predecessor-version":[{"id":7997,"href":"https:\/\/www.abvl.ch\/de\/wp-json\/wp\/v2\/pages\/532\/revisions\/7997"}],"wp:attachment":[{"href":"https:\/\/www.abvl.ch\/de\/wp-json\/wp\/v2\/media?parent=532"}],"curies":[{"name":"wp","href":"https:\/\/api.w.org\/{rel}","templated":true}]}}