{"id":527,"date":"2014-03-13T15:22:56","date_gmt":"2014-03-13T14:22:56","guid":{"rendered":"http:\/\/www.abvl.ch\/?page_id=527"},"modified":"2020-09-22T11:05:07","modified_gmt":"2020-09-22T09:05:07","slug":"hauptrenovationen","status":"publish","type":"page","link":"https:\/\/www.abvl.ch\/de\/hauptrenovationen\/","title":{"rendered":"Renovationen"},"content":{"rendered":"<div class=\"the-content\"><p>Die acht Belle Epoque Schaufelradschiffe der CGN haben einen kulturhistorischen und touristischen einmaligen Wert.<\/p>\n<p>Jede Hauptrenovation bedingt ein grosses technisches Fachk\u00f6nnen und pr\u00e4zise Denkmalschutz-Kenntnisse. Zwischen 10 und 15 Millionen SFR., je nach Schiffsgr\u00f6sse, werden daf\u00fcr ben\u00f6tigt.<\/p>\n<p>Unabh\u00e4ngig vom Zustand der Erhaltung weist jedes Belle Epoque Schiff bez\u00fcglich seines Originalzustandes verschiedene spezifische Abweichungen auf. Dies braucht aber seinem historischen Wert nicht zu schaden und dokumentiert die technische Entwicklung seit einem Jahrhundert, sowie die gesteigerten Anspr\u00fcche bez\u00fcglich der Sicherheit und den Bed\u00fcrfnissen der Navigation auf unseren Seen.<\/p>\n<p>&nbsp;<\/p>\n<\/div>","protected":false},"excerpt":{"rendered":"<p>Die acht Belle Epoque Schaufelradschiffe der CGN haben einen kulturhistorischen und touristischen einmaligen Wert. Jede Hauptrenovation bedingt ein grosses technisches Fachk\u00f6nnen und pr\u00e4zise Denkmalschutz-Kenntnisse. Zwischen 10 und 15 Millionen SFR., je nach Schiffsgr\u00f6sse, werden daf\u00fcr ben\u00f6tigt. Unabh\u00e4ngig vom Zustand der Erhaltung weist jedes Belle Epoque Schiff bez\u00fcglich seines Originalzustandes verschiedene spezifische Abweichungen auf. Dies braucht [&hellip;]<\/p>\n","protected":false},"author":1,"featured_media":0,"parent":0,"menu_order":13,"comment_status":"closed","ping_status":"closed","template":"page-renovations.php","meta":{"_acf_changed":false,"_exactmetrics_skip_tracking":false,"_exactmetrics_sitenote_active":false,"_exactmetrics_sitenote_note":"","_exactmetrics_sitenote_category":0,"footnotes":""},"class_list":["post-527","page","type-page","status-publish","hentry"],"acf":[],"yoast_head":"<!-- This site is optimized with the Yoast SEO plugin v27.5 - https:\/\/yoast.com\/product\/yoast-seo-wordpress\/ -->\n<title>Renovationen - ABVL | Association des amis des bateaux \u00e0 vapeur du L\u00e9man<\/title>\n<meta name=\"robots\" content=\"index, follow, max-snippet:-1, max-image-preview:large, max-video-preview:-1\" \/>\n<link rel=\"canonical\" href=\"https:\/\/www.abvl.ch\/renovations\/\" \/>\n<script type=\"application\/ld+json\" class=\"yoast-schema-graph\">{\"@context\":\"https:\\\/\\\/schema.org\",\"@graph\":[{\"@type\":\"WebPage\",\"@id\":\"https:\\\/\\\/www.abvl.ch\\\/renovations\\\/\",\"url\":\"https:\\\/\\\/www.abvl.ch\\\/renovations\\\/\",\"name\":\"Renovationen - ABVL | Association des amis des bateaux \u00e0 vapeur du L\u00e9man\",\"isPartOf\":{\"@id\":\"https:\\\/\\\/www.abvl.ch\\\/#website\"},\"datePublished\":\"2014-03-13T14:22:56+00:00\",\"dateModified\":\"2020-09-22T09:05:07+00:00\",\"breadcrumb\":{\"@id\":\"https:\\\/\\\/www.abvl.ch\\\/renovations\\\/#breadcrumb\"},\"inLanguage\":\"de\",\"potentialAction\":[{\"@type\":\"ReadAction\",\"target\":[\"https:\\\/\\\/www.abvl.ch\\\/renovations\\\/\"]}]},{\"@type\":\"BreadcrumbList\",\"@id\":\"https:\\\/\\\/www.abvl.ch\\\/renovations\\\/#breadcrumb\",\"itemListElement\":[{\"@type\":\"ListItem\",\"position\":1,\"name\":\"Accueil\",\"item\":\"https:\\\/\\\/www.abvl.ch\\\/de\\\/\"},{\"@type\":\"ListItem\",\"position\":2,\"name\":\"Renovationen\"}]},{\"@type\":\"WebSite\",\"@id\":\"https:\\\/\\\/www.abvl.ch\\\/#website\",\"url\":\"https:\\\/\\\/www.abvl.ch\\\/\",\"name\":\"ABVL | Association des amis des bateaux \u00e0 vapeur du L\u00e9man\",\"description\":\"\",\"potentialAction\":[{\"@type\":\"SearchAction\",\"target\":{\"@type\":\"EntryPoint\",\"urlTemplate\":\"https:\\\/\\\/www.abvl.ch\\\/?s={search_term_string}\"},\"query-input\":{\"@type\":\"PropertyValueSpecification\",\"valueRequired\":true,\"valueName\":\"search_term_string\"}}],\"inLanguage\":\"de\"}]}<\/script>\n<!-- \/ Yoast SEO plugin. -->","yoast_head_json":{"title":"Renovationen - ABVL | Association des amis des bateaux \u00e0 vapeur du L\u00e9man","robots":{"index":"index","follow":"follow","max-snippet":"max-snippet:-1","max-image-preview":"max-image-preview:large","max-video-preview":"max-video-preview:-1"},"canonical":"https:\/\/www.abvl.ch\/renovations\/","schema":{"@context":"https:\/\/schema.org","@graph":[{"@type":"WebPage","@id":"https:\/\/www.abvl.ch\/renovations\/","url":"https:\/\/www.abvl.ch\/renovations\/","name":"Renovationen - ABVL | Association des amis des bateaux \u00e0 vapeur du L\u00e9man","isPartOf":{"@id":"https:\/\/www.abvl.ch\/#website"},"datePublished":"2014-03-13T14:22:56+00:00","dateModified":"2020-09-22T09:05:07+00:00","breadcrumb":{"@id":"https:\/\/www.abvl.ch\/renovations\/#breadcrumb"},"inLanguage":"de","potentialAction":[{"@type":"ReadAction","target":["https:\/\/www.abvl.ch\/renovations\/"]}]},{"@type":"BreadcrumbList","@id":"https:\/\/www.abvl.ch\/renovations\/#breadcrumb","itemListElement":[{"@type":"ListItem","position":1,"name":"Accueil","item":"https:\/\/www.abvl.ch\/de\/"},{"@type":"ListItem","position":2,"name":"Renovationen"}]},{"@type":"WebSite","@id":"https:\/\/www.abvl.ch\/#website","url":"https:\/\/www.abvl.ch\/","name":"ABVL | Association des amis des bateaux \u00e0 vapeur du L\u00e9man","description":"","potentialAction":[{"@type":"SearchAction","target":{"@type":"EntryPoint","urlTemplate":"https:\/\/www.abvl.ch\/?s={search_term_string}"},"query-input":{"@type":"PropertyValueSpecification","valueRequired":true,"valueName":"search_term_string"}}],"inLanguage":"de"}]}},"_links":{"self":[{"href":"https:\/\/www.abvl.ch\/de\/wp-json\/wp\/v2\/pages\/527","targetHints":{"allow":["GET"]}}],"collection":[{"href":"https:\/\/www.abvl.ch\/de\/wp-json\/wp\/v2\/pages"}],"about":[{"href":"https:\/\/www.abvl.ch\/de\/wp-json\/wp\/v2\/types\/page"}],"author":[{"embeddable":true,"href":"https:\/\/www.abvl.ch\/de\/wp-json\/wp\/v2\/users\/1"}],"replies":[{"embeddable":true,"href":"https:\/\/www.abvl.ch\/de\/wp-json\/wp\/v2\/comments?post=527"}],"version-history":[{"count":6,"href":"https:\/\/www.abvl.ch\/de\/wp-json\/wp\/v2\/pages\/527\/revisions"}],"predecessor-version":[{"id":7644,"href":"https:\/\/www.abvl.ch\/de\/wp-json\/wp\/v2\/pages\/527\/revisions\/7644"}],"wp:attachment":[{"href":"https:\/\/www.abvl.ch\/de\/wp-json\/wp\/v2\/media?parent=527"}],"curies":[{"name":"wp","href":"https:\/\/api.w.org\/{rel}","templated":true}]}}