{"id":524,"date":"2014-03-13T15:24:32","date_gmt":"2014-03-13T14:24:32","guid":{"rendered":"http:\/\/www.abvl.ch\/?page_id=524"},"modified":"2024-03-05T15:28:29","modified_gmt":"2024-03-05T14:28:29","slug":"devenir-membre","status":"publish","type":"page","link":"https:\/\/www.abvl.ch\/de\/wie-konnen-sie-die-abvl-unterstutzen\/devenir-membre\/","title":{"rendered":"Mitglied werden"},"content":{"rendered":"<div class=\"the-content\"><p><strong>Werden Sie aktives Mitglied der ABVL\u00a0!<\/strong><\/p>\n<p>Als Mitglied der ABVL k\u00f6nnen Sie die Zukunft der bedeutendsten Belle Epoque Flotte der Welt aktiv mitgestalten !<\/p>\n<p>Die \u201eAssociation des amis des bateaux \u00e0 vapeur du L\u00e9man (ABVL)\u201c bezweckt den Erhalt der acht Belle Epoque Schaufelradschiffe der CGN\u00a0<em>Helv\u00e9tie, Italie, Montreux, Rh\u00f4ne, Savoie, Simplon, La Suisse und Vevey<\/em> (Art. 1 mitzufinanzieren (Art. 1 der Statuten) und ihren fahrplanm\u00e4ssigen Einsatz zu f\u00f6rdern. Seit 2007 haben die G\u00f6nnerinnen und G\u00f6nner der ABVL die M\u00f6glichkeit, aktive Vereinsmitglieder zu werden und damit an ihren Entscheidungen teilzunehmen.<\/p>\n<p><a href=\"http:\/\/www.abvl.ch\/wp-content\/uploads\/ABVL-Statuts-20154.pdf\">ABVL-Statuten <\/a>(franz\u00f6sisch)<\/p>\n<p><!--cforms name=\"Devenir membre DE\"--><\/p>\n<\/div>","protected":false},"excerpt":{"rendered":"<p>Werden Sie aktives Mitglied der ABVL\u00a0! Als Mitglied der ABVL k\u00f6nnen Sie die Zukunft der bedeutendsten Belle Epoque Flotte der Welt aktiv mitgestalten ! Die \u201eAssociation des amis des bateaux \u00e0 vapeur du L\u00e9man (ABVL)\u201c bezweckt den Erhalt der acht Belle Epoque Schaufelradschiffe der CGN\u00a0Helv\u00e9tie, Italie, Montreux, Rh\u00f4ne, Savoie, Simplon, La Suisse und Vevey (Art. [&hellip;]<\/p>\n","protected":false},"author":1,"featured_media":3238,"parent":516,"menu_order":0,"comment_status":"closed","ping_status":"closed","template":"","meta":{"_acf_changed":false,"_exactmetrics_skip_tracking":false,"_exactmetrics_sitenote_active":false,"_exactmetrics_sitenote_note":"","_exactmetrics_sitenote_category":0,"footnotes":""},"class_list":["post-524","page","type-page","status-publish","has-post-thumbnail","hentry"],"acf":[],"yoast_head":"<!-- This site is optimized with the Yoast SEO plugin v27.5 - https:\/\/yoast.com\/product\/yoast-seo-wordpress\/ -->\n<title>Mitglied werden - ABVL | Association des amis des bateaux \u00e0 vapeur du L\u00e9man<\/title>\n<meta name=\"robots\" content=\"index, follow, max-snippet:-1, max-image-preview:large, max-video-preview:-1\" \/>\n<link rel=\"canonical\" href=\"https:\/\/www.abvl.ch\/de\/wie-konnen-sie-die-abvl-unterstutzen\/devenir-membre\/\" \/>\n<script type=\"application\/ld+json\" class=\"yoast-schema-graph\">{\"@context\":\"https:\\\/\\\/schema.org\",\"@graph\":[{\"@type\":\"WebPage\",\"@id\":\"https:\\\/\\\/www.abvl.ch\\\/de\\\/wie-konnen-sie-die-abvl-unterstutzen\\\/devenir-membre\\\/\",\"url\":\"https:\\\/\\\/www.abvl.ch\\\/de\\\/wie-konnen-sie-die-abvl-unterstutzen\\\/devenir-membre\\\/\",\"name\":\"Mitglied werden - ABVL | Association des amis des bateaux \u00e0 vapeur du L\u00e9man\",\"isPartOf\":{\"@id\":\"https:\\\/\\\/www.abvl.ch\\\/#website\"},\"primaryImageOfPage\":{\"@id\":\"https:\\\/\\\/www.abvl.ch\\\/de\\\/wie-konnen-sie-die-abvl-unterstutzen\\\/devenir-membre\\\/#primaryimage\"},\"image\":{\"@id\":\"https:\\\/\\\/www.abvl.ch\\\/de\\\/wie-konnen-sie-die-abvl-unterstutzen\\\/devenir-membre\\\/#primaryimage\"},\"thumbnailUrl\":\"https:\\\/\\\/www.abvl.ch\\\/wp-content\\\/uploads\\\/1-scaled.jpg\",\"datePublished\":\"2014-03-13T14:24:32+00:00\",\"dateModified\":\"2024-03-05T14:28:29+00:00\",\"breadcrumb\":{\"@id\":\"https:\\\/\\\/www.abvl.ch\\\/de\\\/wie-konnen-sie-die-abvl-unterstutzen\\\/devenir-membre\\\/#breadcrumb\"},\"inLanguage\":\"de\",\"potentialAction\":[{\"@type\":\"ReadAction\",\"target\":[\"https:\\\/\\\/www.abvl.ch\\\/de\\\/wie-konnen-sie-die-abvl-unterstutzen\\\/devenir-membre\\\/\"]}]},{\"@type\":\"ImageObject\",\"inLanguage\":\"de\",\"@id\":\"https:\\\/\\\/www.abvl.ch\\\/de\\\/wie-konnen-sie-die-abvl-unterstutzen\\\/devenir-membre\\\/#primaryimage\",\"url\":\"https:\\\/\\\/www.abvl.ch\\\/wp-content\\\/uploads\\\/1-scaled.jpg\",\"contentUrl\":\"https:\\\/\\\/www.abvl.ch\\\/wp-content\\\/uploads\\\/1-scaled.jpg\",\"width\":2560,\"height\":871},{\"@type\":\"BreadcrumbList\",\"@id\":\"https:\\\/\\\/www.abvl.ch\\\/de\\\/wie-konnen-sie-die-abvl-unterstutzen\\\/devenir-membre\\\/#breadcrumb\",\"itemListElement\":[{\"@type\":\"ListItem\",\"position\":1,\"name\":\"Accueil\",\"item\":\"https:\\\/\\\/www.abvl.ch\\\/de\\\/\"},{\"@type\":\"ListItem\",\"position\":2,\"name\":\"Wie Sie uns unterst\u00fctzen k\u00f6nnen\",\"item\":\"https:\\\/\\\/www.abvl.ch\\\/nous-soutenir\\\/\"},{\"@type\":\"ListItem\",\"position\":3,\"name\":\"Mitglied werden\"}]},{\"@type\":\"WebSite\",\"@id\":\"https:\\\/\\\/www.abvl.ch\\\/#website\",\"url\":\"https:\\\/\\\/www.abvl.ch\\\/\",\"name\":\"ABVL | Association des amis des bateaux \u00e0 vapeur du L\u00e9man\",\"description\":\"\",\"potentialAction\":[{\"@type\":\"SearchAction\",\"target\":{\"@type\":\"EntryPoint\",\"urlTemplate\":\"https:\\\/\\\/www.abvl.ch\\\/?s={search_term_string}\"},\"query-input\":{\"@type\":\"PropertyValueSpecification\",\"valueRequired\":true,\"valueName\":\"search_term_string\"}}],\"inLanguage\":\"de\"}]}<\/script>\n<!-- \/ Yoast SEO plugin. -->","yoast_head_json":{"title":"Mitglied werden - ABVL | Association des amis des bateaux \u00e0 vapeur du L\u00e9man","robots":{"index":"index","follow":"follow","max-snippet":"max-snippet:-1","max-image-preview":"max-image-preview:large","max-video-preview":"max-video-preview:-1"},"canonical":"https:\/\/www.abvl.ch\/de\/wie-konnen-sie-die-abvl-unterstutzen\/devenir-membre\/","schema":{"@context":"https:\/\/schema.org","@graph":[{"@type":"WebPage","@id":"https:\/\/www.abvl.ch\/de\/wie-konnen-sie-die-abvl-unterstutzen\/devenir-membre\/","url":"https:\/\/www.abvl.ch\/de\/wie-konnen-sie-die-abvl-unterstutzen\/devenir-membre\/","name":"Mitglied werden - ABVL | Association des amis des bateaux \u00e0 vapeur du L\u00e9man","isPartOf":{"@id":"https:\/\/www.abvl.ch\/#website"},"primaryImageOfPage":{"@id":"https:\/\/www.abvl.ch\/de\/wie-konnen-sie-die-abvl-unterstutzen\/devenir-membre\/#primaryimage"},"image":{"@id":"https:\/\/www.abvl.ch\/de\/wie-konnen-sie-die-abvl-unterstutzen\/devenir-membre\/#primaryimage"},"thumbnailUrl":"https:\/\/www.abvl.ch\/wp-content\/uploads\/1-scaled.jpg","datePublished":"2014-03-13T14:24:32+00:00","dateModified":"2024-03-05T14:28:29+00:00","breadcrumb":{"@id":"https:\/\/www.abvl.ch\/de\/wie-konnen-sie-die-abvl-unterstutzen\/devenir-membre\/#breadcrumb"},"inLanguage":"de","potentialAction":[{"@type":"ReadAction","target":["https:\/\/www.abvl.ch\/de\/wie-konnen-sie-die-abvl-unterstutzen\/devenir-membre\/"]}]},{"@type":"ImageObject","inLanguage":"de","@id":"https:\/\/www.abvl.ch\/de\/wie-konnen-sie-die-abvl-unterstutzen\/devenir-membre\/#primaryimage","url":"https:\/\/www.abvl.ch\/wp-content\/uploads\/1-scaled.jpg","contentUrl":"https:\/\/www.abvl.ch\/wp-content\/uploads\/1-scaled.jpg","width":2560,"height":871},{"@type":"BreadcrumbList","@id":"https:\/\/www.abvl.ch\/de\/wie-konnen-sie-die-abvl-unterstutzen\/devenir-membre\/#breadcrumb","itemListElement":[{"@type":"ListItem","position":1,"name":"Accueil","item":"https:\/\/www.abvl.ch\/de\/"},{"@type":"ListItem","position":2,"name":"Wie Sie uns unterst\u00fctzen k\u00f6nnen","item":"https:\/\/www.abvl.ch\/nous-soutenir\/"},{"@type":"ListItem","position":3,"name":"Mitglied werden"}]},{"@type":"WebSite","@id":"https:\/\/www.abvl.ch\/#website","url":"https:\/\/www.abvl.ch\/","name":"ABVL | Association des amis des bateaux \u00e0 vapeur du L\u00e9man","description":"","potentialAction":[{"@type":"SearchAction","target":{"@type":"EntryPoint","urlTemplate":"https:\/\/www.abvl.ch\/?s={search_term_string}"},"query-input":{"@type":"PropertyValueSpecification","valueRequired":true,"valueName":"search_term_string"}}],"inLanguage":"de"}]}},"_links":{"self":[{"href":"https:\/\/www.abvl.ch\/de\/wp-json\/wp\/v2\/pages\/524","targetHints":{"allow":["GET"]}}],"collection":[{"href":"https:\/\/www.abvl.ch\/de\/wp-json\/wp\/v2\/pages"}],"about":[{"href":"https:\/\/www.abvl.ch\/de\/wp-json\/wp\/v2\/types\/page"}],"author":[{"embeddable":true,"href":"https:\/\/www.abvl.ch\/de\/wp-json\/wp\/v2\/users\/1"}],"replies":[{"embeddable":true,"href":"https:\/\/www.abvl.ch\/de\/wp-json\/wp\/v2\/comments?post=524"}],"version-history":[{"count":15,"href":"https:\/\/www.abvl.ch\/de\/wp-json\/wp\/v2\/pages\/524\/revisions"}],"predecessor-version":[{"id":12714,"href":"https:\/\/www.abvl.ch\/de\/wp-json\/wp\/v2\/pages\/524\/revisions\/12714"}],"up":[{"embeddable":true,"href":"https:\/\/www.abvl.ch\/de\/wp-json\/wp\/v2\/pages\/516"}],"wp:featuredmedia":[{"embeddable":true,"href":"https:\/\/www.abvl.ch\/de\/wp-json\/wp\/v2\/media\/3238"}],"wp:attachment":[{"href":"https:\/\/www.abvl.ch\/de\/wp-json\/wp\/v2\/media?parent=524"}],"curies":[{"name":"wp","href":"https:\/\/api.w.org\/{rel}","templated":true}]}}