{"id":521,"date":"2014-07-29T14:11:50","date_gmt":"2014-07-29T12:11:50","guid":{"rendered":"http:\/\/www.abvl.ch\/?page_id=521"},"modified":"2026-03-19T14:26:18","modified_gmt":"2026-03-19T13:26:18","slug":"recherche-fonds","status":"publish","type":"page","link":"https:\/\/www.abvl.ch\/de\/wie-konnen-sie-die-abvl-unterstutzen\/recherche-fonds\/","title":{"rendered":"Spenden"},"content":{"rendered":"<div class=\"the-content\"><p>Die CGN besitzt mit ihren acht Schaufelradschiffen die gr\u00f6sste und prestigetr\u00e4chstigste Belle Epoque &#8211; Flotte der Welt. Die Gesamtrenovationen der gr\u00f6sstenteils \u00fcber hundertj\u00e4hrigen Schiffe, die diesen weiterhin einen gesicherten Betriebszustand erlauben, kosten jedes Mal 25 Mio SFr. Als G\u00f6nnerin oder G\u00f6nner k\u00f6nnen Sie Ihre Spende wie folgt \u00fcberweisen:<\/p>\n<p><strong>IN DER SCHWEIZ<\/strong><\/p>\n<p>Die Post \u2013 IBAN : CH61 0900 0000 1719 7675 0<\/p>\n<p><strong>IN DER SCHWEIZ UND IM AUSLAND MITTELS BANK\u00dcBERWEISUNG \u00a0\u00a0<\/strong><\/p>\n<p>In SFr.\u00a0: UBS-Konto \u00ab\u00a0ABVL\u00a0\u00bb, IBAN\u00a0: CH 62 002432434589 5701 H. In Euros\u00a0: UBS-KONTO \u00ab\u00a0ABVL\u00a0\u00bb, IBAN\u00a0: CH 68 0024 3243 4589 5761 K<\/p>\n<p><strong>IN FRANKREICH <\/strong><\/p>\n<p>CIC Evian (Konto in Euros) \u2013 IBAN &#8211; FR76 1009 6182 2800 0869 2580 106 \u2013 BIC \u2013 CMCIFRPP<\/p>\n<p><em>L\u2019ABVL ist als gemeinn\u00fctzige Institution anerkannt und in der Schweiz k\u00f6nnen ihr \u00fcberwiesene Spenden im Rahmen der kantonalen Gesetze von den Steuern abgezogen werden.<\/em><\/p>\n<h5 class=\"pt-5 pb-4\">MIT KREDITKARTE, TWINT ODER POSTFINANCE<\/h5>\n<div id=\"rnw-paylink-button-mdczr\"><\/div>\n<p><script type=\"module\">\n  import {PaylinkButton} from \"https:\/\/unpkg.com\/@raisenow\/paylink-button@2\/dist\/PaylinkButton.js\"\n  PaylinkButton.render(\"#rnw-paylink-button-mdczr\", {\n    \"solution-id\": \"mdczr\",\n    \"size\": \"large\",\n    \"width\": \"fixed\",\n    \"icon\": \"heart\",\n    \"label\": \"Spenden\",\n    \"border-radius\": \"8px\",\n    \"background-color\": \"#444444\",\n  })\n<\/script><\/p>\n<\/div>","protected":false},"excerpt":{"rendered":"<p>Die CGN besitzt mit ihren acht Schaufelradschiffen die gr\u00f6sste und prestigetr\u00e4chstigste Belle Epoque &#8211; Flotte der Welt. Die Gesamtrenovationen der gr\u00f6sstenteils \u00fcber hundertj\u00e4hrigen Schiffe, die diesen weiterhin einen gesicherten Betriebszustand erlauben, kosten jedes Mal 25 Mio SFr. Als G\u00f6nnerin oder G\u00f6nner k\u00f6nnen Sie Ihre Spende wie folgt \u00fcberweisen: IN DER SCHWEIZ Die Post \u2013 IBAN [&hellip;]<\/p>\n","protected":false},"author":1,"featured_media":0,"parent":516,"menu_order":1,"comment_status":"closed","ping_status":"closed","template":"","meta":{"_acf_changed":false,"_exactmetrics_skip_tracking":false,"_exactmetrics_sitenote_active":false,"_exactmetrics_sitenote_note":"","_exactmetrics_sitenote_category":0,"footnotes":""},"class_list":["post-521","page","type-page","status-publish","hentry"],"acf":[],"yoast_head":"<!-- This site is optimized with the Yoast SEO plugin v27.4 - https:\/\/yoast.com\/product\/yoast-seo-wordpress\/ -->\n<title>Spenden - ABVL | Association des amis des bateaux \u00e0 vapeur du L\u00e9man<\/title>\n<meta name=\"robots\" content=\"index, follow, max-snippet:-1, max-image-preview:large, max-video-preview:-1\" \/>\n<link rel=\"canonical\" href=\"https:\/\/www.abvl.ch\/de\/wie-konnen-sie-die-abvl-unterstutzen\/recherche-fonds\/\" \/>\n<meta name=\"twitter:label1\" content=\"Gesch\u00e4tzte Lesezeit\" \/>\n\t<meta name=\"twitter:data1\" content=\"1\u00a0Minute\" \/>\n<script type=\"application\/ld+json\" class=\"yoast-schema-graph\">{\"@context\":\"https:\\\/\\\/schema.org\",\"@graph\":[{\"@type\":\"WebPage\",\"@id\":\"https:\\\/\\\/www.abvl.ch\\\/de\\\/wie-konnen-sie-die-abvl-unterstutzen\\\/recherche-fonds\\\/\",\"url\":\"https:\\\/\\\/www.abvl.ch\\\/de\\\/wie-konnen-sie-die-abvl-unterstutzen\\\/recherche-fonds\\\/\",\"name\":\"Spenden - ABVL | Association des amis des bateaux \u00e0 vapeur du L\u00e9man\",\"isPartOf\":{\"@id\":\"https:\\\/\\\/www.abvl.ch\\\/#website\"},\"datePublished\":\"2014-07-29T12:11:50+00:00\",\"dateModified\":\"2026-03-19T13:26:18+00:00\",\"breadcrumb\":{\"@id\":\"https:\\\/\\\/www.abvl.ch\\\/de\\\/wie-konnen-sie-die-abvl-unterstutzen\\\/recherche-fonds\\\/#breadcrumb\"},\"inLanguage\":\"de\",\"potentialAction\":[{\"@type\":\"ReadAction\",\"target\":[\"https:\\\/\\\/www.abvl.ch\\\/de\\\/wie-konnen-sie-die-abvl-unterstutzen\\\/recherche-fonds\\\/\"]}]},{\"@type\":\"BreadcrumbList\",\"@id\":\"https:\\\/\\\/www.abvl.ch\\\/de\\\/wie-konnen-sie-die-abvl-unterstutzen\\\/recherche-fonds\\\/#breadcrumb\",\"itemListElement\":[{\"@type\":\"ListItem\",\"position\":1,\"name\":\"Accueil\",\"item\":\"https:\\\/\\\/www.abvl.ch\\\/de\\\/\"},{\"@type\":\"ListItem\",\"position\":2,\"name\":\"Wie Sie uns unterst\u00fctzen k\u00f6nnen\",\"item\":\"https:\\\/\\\/www.abvl.ch\\\/nous-soutenir\\\/\"},{\"@type\":\"ListItem\",\"position\":3,\"name\":\"Spenden\"}]},{\"@type\":\"WebSite\",\"@id\":\"https:\\\/\\\/www.abvl.ch\\\/#website\",\"url\":\"https:\\\/\\\/www.abvl.ch\\\/\",\"name\":\"ABVL | Association des amis des bateaux \u00e0 vapeur du L\u00e9man\",\"description\":\"\",\"potentialAction\":[{\"@type\":\"SearchAction\",\"target\":{\"@type\":\"EntryPoint\",\"urlTemplate\":\"https:\\\/\\\/www.abvl.ch\\\/?s={search_term_string}\"},\"query-input\":{\"@type\":\"PropertyValueSpecification\",\"valueRequired\":true,\"valueName\":\"search_term_string\"}}],\"inLanguage\":\"de\"}]}<\/script>\n<!-- \/ Yoast SEO plugin. -->","yoast_head_json":{"title":"Spenden - ABVL | Association des amis des bateaux \u00e0 vapeur du L\u00e9man","robots":{"index":"index","follow":"follow","max-snippet":"max-snippet:-1","max-image-preview":"max-image-preview:large","max-video-preview":"max-video-preview:-1"},"canonical":"https:\/\/www.abvl.ch\/de\/wie-konnen-sie-die-abvl-unterstutzen\/recherche-fonds\/","twitter_misc":{"Gesch\u00e4tzte Lesezeit":"1\u00a0Minute"},"schema":{"@context":"https:\/\/schema.org","@graph":[{"@type":"WebPage","@id":"https:\/\/www.abvl.ch\/de\/wie-konnen-sie-die-abvl-unterstutzen\/recherche-fonds\/","url":"https:\/\/www.abvl.ch\/de\/wie-konnen-sie-die-abvl-unterstutzen\/recherche-fonds\/","name":"Spenden - ABVL | Association des amis des bateaux \u00e0 vapeur du L\u00e9man","isPartOf":{"@id":"https:\/\/www.abvl.ch\/#website"},"datePublished":"2014-07-29T12:11:50+00:00","dateModified":"2026-03-19T13:26:18+00:00","breadcrumb":{"@id":"https:\/\/www.abvl.ch\/de\/wie-konnen-sie-die-abvl-unterstutzen\/recherche-fonds\/#breadcrumb"},"inLanguage":"de","potentialAction":[{"@type":"ReadAction","target":["https:\/\/www.abvl.ch\/de\/wie-konnen-sie-die-abvl-unterstutzen\/recherche-fonds\/"]}]},{"@type":"BreadcrumbList","@id":"https:\/\/www.abvl.ch\/de\/wie-konnen-sie-die-abvl-unterstutzen\/recherche-fonds\/#breadcrumb","itemListElement":[{"@type":"ListItem","position":1,"name":"Accueil","item":"https:\/\/www.abvl.ch\/de\/"},{"@type":"ListItem","position":2,"name":"Wie Sie uns unterst\u00fctzen k\u00f6nnen","item":"https:\/\/www.abvl.ch\/nous-soutenir\/"},{"@type":"ListItem","position":3,"name":"Spenden"}]},{"@type":"WebSite","@id":"https:\/\/www.abvl.ch\/#website","url":"https:\/\/www.abvl.ch\/","name":"ABVL | Association des amis des bateaux \u00e0 vapeur du L\u00e9man","description":"","potentialAction":[{"@type":"SearchAction","target":{"@type":"EntryPoint","urlTemplate":"https:\/\/www.abvl.ch\/?s={search_term_string}"},"query-input":{"@type":"PropertyValueSpecification","valueRequired":true,"valueName":"search_term_string"}}],"inLanguage":"de"}]}},"_links":{"self":[{"href":"https:\/\/www.abvl.ch\/de\/wp-json\/wp\/v2\/pages\/521","targetHints":{"allow":["GET"]}}],"collection":[{"href":"https:\/\/www.abvl.ch\/de\/wp-json\/wp\/v2\/pages"}],"about":[{"href":"https:\/\/www.abvl.ch\/de\/wp-json\/wp\/v2\/types\/page"}],"author":[{"embeddable":true,"href":"https:\/\/www.abvl.ch\/de\/wp-json\/wp\/v2\/users\/1"}],"replies":[{"embeddable":true,"href":"https:\/\/www.abvl.ch\/de\/wp-json\/wp\/v2\/comments?post=521"}],"version-history":[{"count":57,"href":"https:\/\/www.abvl.ch\/de\/wp-json\/wp\/v2\/pages\/521\/revisions"}],"predecessor-version":[{"id":14795,"href":"https:\/\/www.abvl.ch\/de\/wp-json\/wp\/v2\/pages\/521\/revisions\/14795"}],"up":[{"embeddable":true,"href":"https:\/\/www.abvl.ch\/de\/wp-json\/wp\/v2\/pages\/516"}],"wp:attachment":[{"href":"https:\/\/www.abvl.ch\/de\/wp-json\/wp\/v2\/media?parent=521"}],"curies":[{"name":"wp","href":"https:\/\/api.w.org\/{rel}","templated":true}]}}