{"id":513,"date":"2014-05-13T12:11:42","date_gmt":"2014-05-13T11:11:42","guid":{"rendered":"http:\/\/www.abvl.ch\/?page_id=513"},"modified":"2014-08-25T11:53:59","modified_gmt":"2014-08-25T09:53:59","slug":"preis-der-europaischen-union-fur-das-kulturerbe-europa-nostra-wettbewerb","status":"publish","type":"page","link":"https:\/\/www.abvl.ch\/de\/preis-der-europaischen-union-fur-das-kulturerbe-europa-nostra-wettbewerb\/","title":{"rendered":"Preis der Europ\u00e4ischen Union f\u00fcr das Kulturerbe \/Europa Nostra Wettbewerb"},"content":{"rendered":"<div class=\"the-content\"><p>ABVL wurde die Ehre zu Teil, den \u00a0<strong>Preis <\/strong><strong>der Europ\u00e4ischen Union f\u00fcr das Kulturerbe \/\u00a0 Europa Nostra Wettbewerb 2014 in der Kategorie \u00ab\u00a0Erhaltung\u00a0\u00bb <\/strong>f\u00fcr ihre erfolgreiche finanzielle Unterst\u00fctzung der Restaurierung der Belle Epoque Flotte der Compagnie G\u00e9n\u00e9rale de Navigation sur le lac L\u00e9man (CGN) entgegennehmen zu k\u00f6nnen.<\/p>\n<p>Die offizielle Preisverleihung erfolgte in Gegenwart von vielen bekannten Pers\u00f6nlichkeiten aus ganz Europa.<\/p>\n<p><strong>Link :<\/strong><\/p>\n<p><a href=\"http:\/\/www.europanostra.org\/awards\/150\/\"><em>http:\/\/www.europanostra.org\/awards\/150\/<\/em><\/a><\/p>\n<p>In der Schweiz fand die offizielle Enth\u00fcllung der mit dem Preis verbundenen Bronzetafel am 25 Mai 2014 w\u00e4hrend der Dampferparade in Vevey an Bord der <em>Vevey<\/em> (1907) statt.<\/p>\n<ul>\n<li><a href=\"http:\/\/www.abvl.ch\/wp-content\/uploads\/Communique-de-presse-Europa-Nostra.pdf\">Presse-Communique von Europa Nostra<\/a><\/li>\n<\/ul>\n<p>&nbsp;<\/p>\n<p>&nbsp;<\/p>\n<p>&nbsp;<\/p>\n<p><strong>\u00a0<\/strong><\/p>\n<\/div>","protected":false},"excerpt":{"rendered":"<p>ABVL wurde die Ehre zu Teil, den \u00a0Preis der Europ\u00e4ischen Union f\u00fcr das Kulturerbe \/\u00a0 Europa Nostra Wettbewerb 2014 in der Kategorie \u00ab\u00a0Erhaltung\u00a0\u00bb f\u00fcr ihre erfolgreiche finanzielle Unterst\u00fctzung der Restaurierung der Belle Epoque Flotte der Compagnie G\u00e9n\u00e9rale de Navigation sur le lac L\u00e9man (CGN) entgegennehmen zu k\u00f6nnen. Die offizielle Preisverleihung erfolgte in Gegenwart von vielen [&hellip;]<\/p>\n","protected":false},"author":1,"featured_media":652,"parent":0,"menu_order":38,"comment_status":"closed","ping_status":"closed","template":"","meta":{"_acf_changed":false,"_exactmetrics_skip_tracking":false,"_exactmetrics_sitenote_active":false,"_exactmetrics_sitenote_note":"","_exactmetrics_sitenote_category":0,"footnotes":""},"class_list":["post-513","page","type-page","status-publish","has-post-thumbnail","hentry"],"acf":[],"yoast_head":"<!-- This site is optimized with the Yoast SEO plugin v27.4 - https:\/\/yoast.com\/product\/yoast-seo-wordpress\/ -->\n<title>Preis der Europ\u00e4ischen Union f\u00fcr das Kulturerbe \/Europa Nostra Wettbewerb - ABVL | Association des amis des bateaux \u00e0 vapeur du L\u00e9man<\/title>\n<meta name=\"robots\" content=\"index, follow, max-snippet:-1, max-image-preview:large, max-video-preview:-1\" \/>\n<link rel=\"canonical\" href=\"https:\/\/www.abvl.ch\/de\/preis-der-europaischen-union-fur-das-kulturerbe-europa-nostra-wettbewerb\/\" \/>\n<meta name=\"twitter:label1\" content=\"Gesch\u00e4tzte Lesezeit\" \/>\n\t<meta name=\"twitter:data1\" content=\"1\u00a0Minute\" \/>\n<script type=\"application\/ld+json\" class=\"yoast-schema-graph\">{\"@context\":\"https:\\\/\\\/schema.org\",\"@graph\":[{\"@type\":\"WebPage\",\"@id\":\"https:\\\/\\\/www.abvl.ch\\\/de\\\/preis-der-europaischen-union-fur-das-kulturerbe-europa-nostra-wettbewerb\\\/\",\"url\":\"https:\\\/\\\/www.abvl.ch\\\/de\\\/preis-der-europaischen-union-fur-das-kulturerbe-europa-nostra-wettbewerb\\\/\",\"name\":\"Preis der Europ\u00e4ischen Union f\u00fcr das Kulturerbe \\\/Europa Nostra Wettbewerb - ABVL | Association des amis des bateaux \u00e0 vapeur du L\u00e9man\",\"isPartOf\":{\"@id\":\"https:\\\/\\\/www.abvl.ch\\\/#website\"},\"primaryImageOfPage\":{\"@id\":\"https:\\\/\\\/www.abvl.ch\\\/de\\\/preis-der-europaischen-union-fur-das-kulturerbe-europa-nostra-wettbewerb\\\/#primaryimage\"},\"image\":{\"@id\":\"https:\\\/\\\/www.abvl.ch\\\/de\\\/preis-der-europaischen-union-fur-das-kulturerbe-europa-nostra-wettbewerb\\\/#primaryimage\"},\"thumbnailUrl\":\"https:\\\/\\\/www.abvl.ch\\\/wp-content\\\/uploads\\\/vienna1-jpg.jpg\",\"datePublished\":\"2014-05-13T11:11:42+00:00\",\"dateModified\":\"2014-08-25T09:53:59+00:00\",\"breadcrumb\":{\"@id\":\"https:\\\/\\\/www.abvl.ch\\\/de\\\/preis-der-europaischen-union-fur-das-kulturerbe-europa-nostra-wettbewerb\\\/#breadcrumb\"},\"inLanguage\":\"de\",\"potentialAction\":[{\"@type\":\"ReadAction\",\"target\":[\"https:\\\/\\\/www.abvl.ch\\\/de\\\/preis-der-europaischen-union-fur-das-kulturerbe-europa-nostra-wettbewerb\\\/\"]}]},{\"@type\":\"ImageObject\",\"inLanguage\":\"de\",\"@id\":\"https:\\\/\\\/www.abvl.ch\\\/de\\\/preis-der-europaischen-union-fur-das-kulturerbe-europa-nostra-wettbewerb\\\/#primaryimage\",\"url\":\"https:\\\/\\\/www.abvl.ch\\\/wp-content\\\/uploads\\\/vienna1-jpg.jpg\",\"contentUrl\":\"https:\\\/\\\/www.abvl.ch\\\/wp-content\\\/uploads\\\/vienna1-jpg.jpg\",\"width\":1024,\"height\":683,\"caption\":\"Feierliche offizielle Verleihung am 5. Mai 2014 im Burgtheater in Wien: Maurice Decoppet, Pr\u00e4sident der l\u2019ABVL, neben dem ber\u00fchmten Tenor und Pr\u00e4sidenten von Europa Nostra, Herr Pl\u00e1cido Domingo und Frau Androulla Vassiliou, EU-Kommissarin f\u00fcr Bildung, Kultur, Mehrsprachigkeit und Jugend.\"},{\"@type\":\"BreadcrumbList\",\"@id\":\"https:\\\/\\\/www.abvl.ch\\\/de\\\/preis-der-europaischen-union-fur-das-kulturerbe-europa-nostra-wettbewerb\\\/#breadcrumb\",\"itemListElement\":[{\"@type\":\"ListItem\",\"position\":1,\"name\":\"Accueil\",\"item\":\"https:\\\/\\\/www.abvl.ch\\\/de\\\/\"},{\"@type\":\"ListItem\",\"position\":2,\"name\":\"Preis der Europ\u00e4ischen Union f\u00fcr das Kulturerbe \\\/Europa Nostra Wettbewerb\"}]},{\"@type\":\"WebSite\",\"@id\":\"https:\\\/\\\/www.abvl.ch\\\/#website\",\"url\":\"https:\\\/\\\/www.abvl.ch\\\/\",\"name\":\"ABVL | Association des amis des bateaux \u00e0 vapeur du L\u00e9man\",\"description\":\"\",\"potentialAction\":[{\"@type\":\"SearchAction\",\"target\":{\"@type\":\"EntryPoint\",\"urlTemplate\":\"https:\\\/\\\/www.abvl.ch\\\/?s={search_term_string}\"},\"query-input\":{\"@type\":\"PropertyValueSpecification\",\"valueRequired\":true,\"valueName\":\"search_term_string\"}}],\"inLanguage\":\"de\"}]}<\/script>\n<!-- \/ Yoast SEO plugin. -->","yoast_head_json":{"title":"Preis der Europ\u00e4ischen Union f\u00fcr das Kulturerbe \/Europa Nostra Wettbewerb - ABVL | Association des amis des bateaux \u00e0 vapeur du L\u00e9man","robots":{"index":"index","follow":"follow","max-snippet":"max-snippet:-1","max-image-preview":"max-image-preview:large","max-video-preview":"max-video-preview:-1"},"canonical":"https:\/\/www.abvl.ch\/de\/preis-der-europaischen-union-fur-das-kulturerbe-europa-nostra-wettbewerb\/","twitter_misc":{"Gesch\u00e4tzte Lesezeit":"1\u00a0Minute"},"schema":{"@context":"https:\/\/schema.org","@graph":[{"@type":"WebPage","@id":"https:\/\/www.abvl.ch\/de\/preis-der-europaischen-union-fur-das-kulturerbe-europa-nostra-wettbewerb\/","url":"https:\/\/www.abvl.ch\/de\/preis-der-europaischen-union-fur-das-kulturerbe-europa-nostra-wettbewerb\/","name":"Preis der Europ\u00e4ischen Union f\u00fcr das Kulturerbe \/Europa Nostra Wettbewerb - ABVL | Association des amis des bateaux \u00e0 vapeur du L\u00e9man","isPartOf":{"@id":"https:\/\/www.abvl.ch\/#website"},"primaryImageOfPage":{"@id":"https:\/\/www.abvl.ch\/de\/preis-der-europaischen-union-fur-das-kulturerbe-europa-nostra-wettbewerb\/#primaryimage"},"image":{"@id":"https:\/\/www.abvl.ch\/de\/preis-der-europaischen-union-fur-das-kulturerbe-europa-nostra-wettbewerb\/#primaryimage"},"thumbnailUrl":"https:\/\/www.abvl.ch\/wp-content\/uploads\/vienna1-jpg.jpg","datePublished":"2014-05-13T11:11:42+00:00","dateModified":"2014-08-25T09:53:59+00:00","breadcrumb":{"@id":"https:\/\/www.abvl.ch\/de\/preis-der-europaischen-union-fur-das-kulturerbe-europa-nostra-wettbewerb\/#breadcrumb"},"inLanguage":"de","potentialAction":[{"@type":"ReadAction","target":["https:\/\/www.abvl.ch\/de\/preis-der-europaischen-union-fur-das-kulturerbe-europa-nostra-wettbewerb\/"]}]},{"@type":"ImageObject","inLanguage":"de","@id":"https:\/\/www.abvl.ch\/de\/preis-der-europaischen-union-fur-das-kulturerbe-europa-nostra-wettbewerb\/#primaryimage","url":"https:\/\/www.abvl.ch\/wp-content\/uploads\/vienna1-jpg.jpg","contentUrl":"https:\/\/www.abvl.ch\/wp-content\/uploads\/vienna1-jpg.jpg","width":1024,"height":683,"caption":"Feierliche offizielle Verleihung am 5. Mai 2014 im Burgtheater in Wien: Maurice Decoppet, Pr\u00e4sident der l\u2019ABVL, neben dem ber\u00fchmten Tenor und Pr\u00e4sidenten von Europa Nostra, Herr Pl\u00e1cido Domingo und Frau Androulla Vassiliou, EU-Kommissarin f\u00fcr Bildung, Kultur, Mehrsprachigkeit und Jugend."},{"@type":"BreadcrumbList","@id":"https:\/\/www.abvl.ch\/de\/preis-der-europaischen-union-fur-das-kulturerbe-europa-nostra-wettbewerb\/#breadcrumb","itemListElement":[{"@type":"ListItem","position":1,"name":"Accueil","item":"https:\/\/www.abvl.ch\/de\/"},{"@type":"ListItem","position":2,"name":"Preis der Europ\u00e4ischen Union f\u00fcr das Kulturerbe \/Europa Nostra Wettbewerb"}]},{"@type":"WebSite","@id":"https:\/\/www.abvl.ch\/#website","url":"https:\/\/www.abvl.ch\/","name":"ABVL | Association des amis des bateaux \u00e0 vapeur du L\u00e9man","description":"","potentialAction":[{"@type":"SearchAction","target":{"@type":"EntryPoint","urlTemplate":"https:\/\/www.abvl.ch\/?s={search_term_string}"},"query-input":{"@type":"PropertyValueSpecification","valueRequired":true,"valueName":"search_term_string"}}],"inLanguage":"de"}]}},"_links":{"self":[{"href":"https:\/\/www.abvl.ch\/de\/wp-json\/wp\/v2\/pages\/513","targetHints":{"allow":["GET"]}}],"collection":[{"href":"https:\/\/www.abvl.ch\/de\/wp-json\/wp\/v2\/pages"}],"about":[{"href":"https:\/\/www.abvl.ch\/de\/wp-json\/wp\/v2\/types\/page"}],"author":[{"embeddable":true,"href":"https:\/\/www.abvl.ch\/de\/wp-json\/wp\/v2\/users\/1"}],"replies":[{"embeddable":true,"href":"https:\/\/www.abvl.ch\/de\/wp-json\/wp\/v2\/comments?post=513"}],"version-history":[{"count":5,"href":"https:\/\/www.abvl.ch\/de\/wp-json\/wp\/v2\/pages\/513\/revisions"}],"predecessor-version":[{"id":653,"href":"https:\/\/www.abvl.ch\/de\/wp-json\/wp\/v2\/pages\/513\/revisions\/653"}],"wp:featuredmedia":[{"embeddable":true,"href":"https:\/\/www.abvl.ch\/de\/wp-json\/wp\/v2\/media\/652"}],"wp:attachment":[{"href":"https:\/\/www.abvl.ch\/de\/wp-json\/wp\/v2\/media?parent=513"}],"curies":[{"name":"wp","href":"https:\/\/api.w.org\/{rel}","templated":true}]}}