{"id":2001,"date":"2016-05-17T09:42:37","date_gmt":"2016-05-17T07:42:37","guid":{"rendered":"http:\/\/www.abvl.ch\/de\/?page_id=2001"},"modified":"2026-02-16T13:27:36","modified_gmt":"2026-02-16T12:27:36","slug":"publikationen","status":"publish","type":"page","link":"https:\/\/www.abvl.ch\/de\/publikationen\/","title":{"rendered":"Publikationen"},"content":{"rendered":"<div class=\"the-content\"><h3><strong>Magazin &#8222;Mit Volldampf Voraus&#8220;<\/strong><\/h3>\n<p>Die Ausgabe 2026 des ABVL- und CGN-Magazins wird kostenlos auf allen Schiffen im Fahrplanbetrieb der CGN sowie an den Hauptanlegestellen ab 25. April erh\u00e4ltlich sein.<\/p>\n<p>Sie k\u00f6nnen die Ausgabe 2025 online lesen, indem Sie <strong><a href=\"https:\/\/issuu.com\/terrenaturepublishing\/docs\/a_toute_vapeur_n_15_7b98f6a7dd0dca\">HIER<\/a><\/strong> klicken<\/p>\n<p><a href=\"https:\/\/www.abvl.ch\/wp-content\/uploads\/image1-2.jpg\" class=\"fresco\" data-fresco-caption=\"\" data-fresco-options=\"thumbnails:false\" ><img loading=\"lazy\" decoding=\"async\" class=\"alignnone wp-image-13899 size-medium\" src=\"https:\/\/www.abvl.ch\/wp-content\/uploads\/image1-2-750x1060.jpg\" alt=\"\" width=\"750\" height=\"1060\" srcset=\"https:\/\/www.abvl.ch\/wp-content\/uploads\/image1-2-750x1060.jpg 750w, https:\/\/www.abvl.ch\/wp-content\/uploads\/image1-2-768x1086.jpg 768w, https:\/\/www.abvl.ch\/wp-content\/uploads\/image1-2-600x848.jpg 600w, https:\/\/www.abvl.ch\/wp-content\/uploads\/image1-2.jpg 945w\" sizes=\"auto, (max-width: 750px) 100vw, 750px\" \/><\/a><\/p>\n<p>\u00dcber die unten stehenden Links k\u00f6nnen Sie die vorherigen Ausgaben einsehen:<\/p>\n<p><strong><a href=\"https:\/\/issuu.com\/terrenaturepublishing\/docs\/atv_13_150_2023_digital\">Ausgabe 2023<\/a><\/strong><\/p>\n<p><strong><a href=\"https:\/\/issuu.com\/ineditpublications\/docs\/abvl_2022_web\">Ausgabe 2022<\/a><\/strong><\/p>\n<p><strong> <a href=\"https:\/\/www.abvl.ch\/app\/2021\/mag\/index.html\">Ausgabe 2021<\/a><\/strong><\/p>\n<p id=\"tw-target-text\" class=\"tw-data-text tw-text-large XcVN5d tw-ta\" dir=\"ltr\" data-placeholder=\"Traduction\"><span lang=\"de\"><strong><a href=\"https:\/\/issuu.com\/ineditpublications\/docs\/atv_2020_web\">Ausgabe 2020<\/a><\/strong><\/span><\/p>\n<p dir=\"ltr\" data-placeholder=\"Traduction\"><strong><a href=\"https:\/\/a-toute-vapeur.magnum3.ch\/\">Ausgabe 2019<\/a><\/strong><\/p>\n<p dir=\"ltr\" data-placeholder=\"Traduction\"><strong><a href=\"https:\/\/issuu.com\/ineditpublications\/docs\/atv08_magazine_2018\">Ausgabe 2018<\/a><\/strong><\/p>\n<p dir=\"ltr\" data-placeholder=\"Traduction\"><strong><a href=\"https:\/\/issuu.com\/ergopix\/docs\/atv07_magazine_2017\">Ausgabe 2017<\/a><\/strong><\/p>\n<p dir=\"ltr\" data-placeholder=\"Traduction\"><strong><a href=\"https:\/\/issuu.com\/ineditpublications\/docs\/a_toute_vapeur_2016\">Ausgabe 2016<\/a><\/strong><\/p>\n<h3>Erl\u00e4uterndes Faltblatt zur Funktionsweise von Dampf- und Diesel-Elektromaschinen!<\/h3>\n<p><a href=\"https:\/\/www.abvl.ch\/wp-content\/uploads\/image-internet.jpg\" class=\"fresco\" data-fresco-caption=\"\" data-fresco-options=\"thumbnails:false\" ><img loading=\"lazy\" decoding=\"async\" class=\"alignleft size-full wp-image-13743\" src=\"https:\/\/www.abvl.ch\/wp-content\/uploads\/image-internet.jpg\" alt=\"\" width=\"841\" height=\"595\" srcset=\"https:\/\/www.abvl.ch\/wp-content\/uploads\/image-internet.jpg 841w, https:\/\/www.abvl.ch\/wp-content\/uploads\/image-internet-750x531.jpg 750w, https:\/\/www.abvl.ch\/wp-content\/uploads\/image-internet-768x543.jpg 768w, https:\/\/www.abvl.ch\/wp-content\/uploads\/image-internet-600x424.jpg 600w\" sizes=\"auto, (max-width: 841px) 100vw, 841px\" \/><\/a><\/p>\n<p>&nbsp;<\/p>\n<p><a href=\"https:\/\/www.abvl.ch\/wp-content\/uploads\/flyer-machines-publication-web.pdf\"><strong>=&gt;Faltblatt zum Herunterladen<\/strong><\/a><\/p>\n<p>Es besteht die M\u00f6glichkeit, das Faltblatt kostenlos zu bestellen, indem Sie eine E-Mail an <a href=\"javascript:secureDecryptAndNavigate('UBrD1vPRokFl9cVfT4PWifPgrqYh5vulGMquYsrd1Mnqc5xT4Nk6wTmvqUUke4Vy0JvTs+tVbU4gVA9KYoQ8JV4gaKVk1uYcj3M=', '4a2b49697317081a50f90af4c0a5a84d26fb90573c774adec2bc537af5210fd9')\">&#115;ecr&#101;&#116;a&#114;&#105;&#97;&#116;&#64;a&#98;vl.&#99;&#104;<\/a> senden.<\/p>\n<h3><\/h3>\n<h3><\/h3>\n<h3><\/h3>\n<p>&nbsp;<\/p>\n<p>&nbsp;<\/p>\n<p>&nbsp;<\/p>\n<p>&nbsp;<\/p>\n<p>&nbsp;<\/p>\n<\/div>","protected":false},"excerpt":{"rendered":"<p>Magazin &#8222;Mit Volldampf Voraus&#8220; Die Ausgabe 2026 des ABVL- und CGN-Magazins wird kostenlos auf allen Schiffen im Fahrplanbetrieb der CGN sowie an den Hauptanlegestellen ab 25. April erh\u00e4ltlich sein. Sie k\u00f6nnen die Ausgabe 2025 online lesen, indem Sie HIER klicken \u00dcber die unten stehenden Links k\u00f6nnen Sie die vorherigen Ausgaben einsehen: Ausgabe 2023 Ausgabe 2022 [&hellip;]<\/p>\n","protected":false},"author":2,"featured_media":0,"parent":0,"menu_order":22,"comment_status":"closed","ping_status":"closed","template":"","meta":{"_acf_changed":false,"_exactmetrics_skip_tracking":false,"_exactmetrics_sitenote_active":false,"_exactmetrics_sitenote_note":"","_exactmetrics_sitenote_category":0,"footnotes":""},"class_list":["post-2001","page","type-page","status-publish","hentry"],"acf":[],"yoast_head":"<!-- This site is optimized with the Yoast SEO plugin v27.5 - https:\/\/yoast.com\/product\/yoast-seo-wordpress\/ -->\n<title>Publikationen - ABVL | Association des amis des bateaux \u00e0 vapeur du L\u00e9man<\/title>\n<meta name=\"robots\" content=\"index, follow, max-snippet:-1, max-image-preview:large, max-video-preview:-1\" \/>\n<link rel=\"canonical\" href=\"https:\/\/www.abvl.ch\/de\/publikationen\/\" \/>\n<script type=\"application\/ld+json\" class=\"yoast-schema-graph\">{\"@context\":\"https:\\\/\\\/schema.org\",\"@graph\":[{\"@type\":\"WebPage\",\"@id\":\"https:\\\/\\\/www.abvl.ch\\\/de\\\/publikationen\\\/\",\"url\":\"https:\\\/\\\/www.abvl.ch\\\/de\\\/publikationen\\\/\",\"name\":\"Publikationen - ABVL | Association des amis des bateaux \u00e0 vapeur du L\u00e9man\",\"isPartOf\":{\"@id\":\"https:\\\/\\\/www.abvl.ch\\\/#website\"},\"primaryImageOfPage\":{\"@id\":\"https:\\\/\\\/www.abvl.ch\\\/de\\\/publikationen\\\/#primaryimage\"},\"image\":{\"@id\":\"https:\\\/\\\/www.abvl.ch\\\/de\\\/publikationen\\\/#primaryimage\"},\"thumbnailUrl\":\"https:\\\/\\\/www.abvl.ch\\\/wp-content\\\/uploads\\\/image1-2-750x1060.jpg\",\"datePublished\":\"2016-05-17T07:42:37+00:00\",\"dateModified\":\"2026-02-16T12:27:36+00:00\",\"breadcrumb\":{\"@id\":\"https:\\\/\\\/www.abvl.ch\\\/de\\\/publikationen\\\/#breadcrumb\"},\"inLanguage\":\"de\",\"potentialAction\":[{\"@type\":\"ReadAction\",\"target\":[\"https:\\\/\\\/www.abvl.ch\\\/de\\\/publikationen\\\/\"]}]},{\"@type\":\"ImageObject\",\"inLanguage\":\"de\",\"@id\":\"https:\\\/\\\/www.abvl.ch\\\/de\\\/publikationen\\\/#primaryimage\",\"url\":\"https:\\\/\\\/www.abvl.ch\\\/wp-content\\\/uploads\\\/image1-2-750x1060.jpg\",\"contentUrl\":\"https:\\\/\\\/www.abvl.ch\\\/wp-content\\\/uploads\\\/image1-2-750x1060.jpg\"},{\"@type\":\"BreadcrumbList\",\"@id\":\"https:\\\/\\\/www.abvl.ch\\\/de\\\/publikationen\\\/#breadcrumb\",\"itemListElement\":[{\"@type\":\"ListItem\",\"position\":1,\"name\":\"Accueil\",\"item\":\"https:\\\/\\\/www.abvl.ch\\\/de\\\/\"},{\"@type\":\"ListItem\",\"position\":2,\"name\":\"Publikationen\"}]},{\"@type\":\"WebSite\",\"@id\":\"https:\\\/\\\/www.abvl.ch\\\/#website\",\"url\":\"https:\\\/\\\/www.abvl.ch\\\/\",\"name\":\"ABVL | Association des amis des bateaux \u00e0 vapeur du L\u00e9man\",\"description\":\"\",\"potentialAction\":[{\"@type\":\"SearchAction\",\"target\":{\"@type\":\"EntryPoint\",\"urlTemplate\":\"https:\\\/\\\/www.abvl.ch\\\/?s={search_term_string}\"},\"query-input\":{\"@type\":\"PropertyValueSpecification\",\"valueRequired\":true,\"valueName\":\"search_term_string\"}}],\"inLanguage\":\"de\"}]}<\/script>\n<!-- \/ Yoast SEO plugin. -->","yoast_head_json":{"title":"Publikationen - ABVL | Association des amis des bateaux \u00e0 vapeur du L\u00e9man","robots":{"index":"index","follow":"follow","max-snippet":"max-snippet:-1","max-image-preview":"max-image-preview:large","max-video-preview":"max-video-preview:-1"},"canonical":"https:\/\/www.abvl.ch\/de\/publikationen\/","schema":{"@context":"https:\/\/schema.org","@graph":[{"@type":"WebPage","@id":"https:\/\/www.abvl.ch\/de\/publikationen\/","url":"https:\/\/www.abvl.ch\/de\/publikationen\/","name":"Publikationen - ABVL | Association des amis des bateaux \u00e0 vapeur du L\u00e9man","isPartOf":{"@id":"https:\/\/www.abvl.ch\/#website"},"primaryImageOfPage":{"@id":"https:\/\/www.abvl.ch\/de\/publikationen\/#primaryimage"},"image":{"@id":"https:\/\/www.abvl.ch\/de\/publikationen\/#primaryimage"},"thumbnailUrl":"https:\/\/www.abvl.ch\/wp-content\/uploads\/image1-2-750x1060.jpg","datePublished":"2016-05-17T07:42:37+00:00","dateModified":"2026-02-16T12:27:36+00:00","breadcrumb":{"@id":"https:\/\/www.abvl.ch\/de\/publikationen\/#breadcrumb"},"inLanguage":"de","potentialAction":[{"@type":"ReadAction","target":["https:\/\/www.abvl.ch\/de\/publikationen\/"]}]},{"@type":"ImageObject","inLanguage":"de","@id":"https:\/\/www.abvl.ch\/de\/publikationen\/#primaryimage","url":"https:\/\/www.abvl.ch\/wp-content\/uploads\/image1-2-750x1060.jpg","contentUrl":"https:\/\/www.abvl.ch\/wp-content\/uploads\/image1-2-750x1060.jpg"},{"@type":"BreadcrumbList","@id":"https:\/\/www.abvl.ch\/de\/publikationen\/#breadcrumb","itemListElement":[{"@type":"ListItem","position":1,"name":"Accueil","item":"https:\/\/www.abvl.ch\/de\/"},{"@type":"ListItem","position":2,"name":"Publikationen"}]},{"@type":"WebSite","@id":"https:\/\/www.abvl.ch\/#website","url":"https:\/\/www.abvl.ch\/","name":"ABVL | Association des amis des bateaux \u00e0 vapeur du L\u00e9man","description":"","potentialAction":[{"@type":"SearchAction","target":{"@type":"EntryPoint","urlTemplate":"https:\/\/www.abvl.ch\/?s={search_term_string}"},"query-input":{"@type":"PropertyValueSpecification","valueRequired":true,"valueName":"search_term_string"}}],"inLanguage":"de"}]}},"_links":{"self":[{"href":"https:\/\/www.abvl.ch\/de\/wp-json\/wp\/v2\/pages\/2001","targetHints":{"allow":["GET"]}}],"collection":[{"href":"https:\/\/www.abvl.ch\/de\/wp-json\/wp\/v2\/pages"}],"about":[{"href":"https:\/\/www.abvl.ch\/de\/wp-json\/wp\/v2\/types\/page"}],"author":[{"embeddable":true,"href":"https:\/\/www.abvl.ch\/de\/wp-json\/wp\/v2\/users\/2"}],"replies":[{"embeddable":true,"href":"https:\/\/www.abvl.ch\/de\/wp-json\/wp\/v2\/comments?post=2001"}],"version-history":[{"count":48,"href":"https:\/\/www.abvl.ch\/de\/wp-json\/wp\/v2\/pages\/2001\/revisions"}],"predecessor-version":[{"id":14690,"href":"https:\/\/www.abvl.ch\/de\/wp-json\/wp\/v2\/pages\/2001\/revisions\/14690"}],"wp:attachment":[{"href":"https:\/\/www.abvl.ch\/de\/wp-json\/wp\/v2\/media?parent=2001"}],"curies":[{"name":"wp","href":"https:\/\/api.w.org\/{rel}","templated":true}]}}