{"id":12684,"date":"2024-02-26T14:13:03","date_gmt":"2024-02-26T13:13:03","guid":{"rendered":"https:\/\/www.abvl.ch\/?page_id=12684"},"modified":"2024-02-26T14:28:39","modified_gmt":"2024-02-26T13:28:39","slug":"erbschaften-und-legate","status":"publish","type":"page","link":"https:\/\/www.abvl.ch\/de\/erbschaften-und-legate\/","title":{"rendered":"Erbschaften und Legate"},"content":{"rendered":"<div class=\"the-content\"><p><strong>Seit 2003 setzt sich ABVL f\u00fcr den Erhalt und den Weiterbetrieb der acht historischen Belle Epoque Radschiffe der CGN ein.<\/strong><\/p>\n<p><strong>Legate<\/strong><\/p>\n<p>Mit einem Legat erm\u00f6glichen Sie es, dieses weltweit einzigartige Industrie-Kulturerbe den kommenden Generationen zu \u00fcbertragen.<\/p>\n<p><strong>Erbschaften<\/strong><\/p>\n<p>Sie k\u00f6nnen ABVL als Erbe oder als Teil-Erbe ihrer G\u00fcter vorsehen.<\/p>\n<p>F\u00fcr detailliertere Informationen k\u00f6nnen sie unsere <strong><a href=\"https:\/\/www.abvl.ch\/wp-content\/uploads\/brochure-legs-abvl-version-du-190224-adaptee-par-cedric-ballenegger.pdf\">Brosch\u00fcre &#8222;legs &amp; h\u00e9ritage ABVL<\/a><\/strong>(in Franz\u00f6sisch), die die wichtigsten Bestimmungen des Erbrechtes erl\u00e4utert, herunterladen oder uns kontaktieren.<\/p>\n<p>&nbsp;<\/p>\n<\/div>","protected":false},"excerpt":{"rendered":"<p>Seit 2003 setzt sich ABVL f\u00fcr den Erhalt und den Weiterbetrieb der acht historischen Belle Epoque Radschiffe der CGN ein. Legate Mit einem Legat erm\u00f6glichen Sie es, dieses weltweit einzigartige Industrie-Kulturerbe den kommenden Generationen zu \u00fcbertragen. Erbschaften Sie k\u00f6nnen ABVL als Erbe oder als Teil-Erbe ihrer G\u00fcter vorsehen. F\u00fcr detailliertere Informationen k\u00f6nnen sie unsere Brosch\u00fcre [&hellip;]<\/p>\n","protected":false},"author":2,"featured_media":0,"parent":0,"menu_order":0,"comment_status":"closed","ping_status":"closed","template":"","meta":{"_acf_changed":false,"_exactmetrics_skip_tracking":false,"_exactmetrics_sitenote_active":false,"_exactmetrics_sitenote_note":"","_exactmetrics_sitenote_category":0,"footnotes":""},"class_list":["post-12684","page","type-page","status-publish","hentry"],"acf":[],"yoast_head":"<!-- This site is optimized with the Yoast SEO plugin v27.5 - https:\/\/yoast.com\/product\/yoast-seo-wordpress\/ -->\n<title>Erbschaften und Legate - ABVL | Association des amis des bateaux \u00e0 vapeur du L\u00e9man<\/title>\n<meta name=\"robots\" content=\"index, follow, max-snippet:-1, max-image-preview:large, max-video-preview:-1\" \/>\n<link rel=\"canonical\" href=\"https:\/\/www.abvl.ch\/de\/erbschaften-und-legate\/\" \/>\n<script type=\"application\/ld+json\" class=\"yoast-schema-graph\">{\"@context\":\"https:\\\/\\\/schema.org\",\"@graph\":[{\"@type\":\"WebPage\",\"@id\":\"https:\\\/\\\/www.abvl.ch\\\/de\\\/erbschaften-und-legate\\\/\",\"url\":\"https:\\\/\\\/www.abvl.ch\\\/de\\\/erbschaften-und-legate\\\/\",\"name\":\"Erbschaften und Legate - ABVL | Association des amis des bateaux \u00e0 vapeur du L\u00e9man\",\"isPartOf\":{\"@id\":\"https:\\\/\\\/www.abvl.ch\\\/#website\"},\"datePublished\":\"2024-02-26T13:13:03+00:00\",\"dateModified\":\"2024-02-26T13:28:39+00:00\",\"breadcrumb\":{\"@id\":\"https:\\\/\\\/www.abvl.ch\\\/de\\\/erbschaften-und-legate\\\/#breadcrumb\"},\"inLanguage\":\"de\",\"potentialAction\":[{\"@type\":\"ReadAction\",\"target\":[\"https:\\\/\\\/www.abvl.ch\\\/de\\\/erbschaften-und-legate\\\/\"]}]},{\"@type\":\"BreadcrumbList\",\"@id\":\"https:\\\/\\\/www.abvl.ch\\\/de\\\/erbschaften-und-legate\\\/#breadcrumb\",\"itemListElement\":[{\"@type\":\"ListItem\",\"position\":1,\"name\":\"Accueil\",\"item\":\"https:\\\/\\\/www.abvl.ch\\\/de\\\/\"},{\"@type\":\"ListItem\",\"position\":2,\"name\":\"Erbschaften und Legate\"}]},{\"@type\":\"WebSite\",\"@id\":\"https:\\\/\\\/www.abvl.ch\\\/#website\",\"url\":\"https:\\\/\\\/www.abvl.ch\\\/\",\"name\":\"ABVL | Association des amis des bateaux \u00e0 vapeur du L\u00e9man\",\"description\":\"\",\"potentialAction\":[{\"@type\":\"SearchAction\",\"target\":{\"@type\":\"EntryPoint\",\"urlTemplate\":\"https:\\\/\\\/www.abvl.ch\\\/?s={search_term_string}\"},\"query-input\":{\"@type\":\"PropertyValueSpecification\",\"valueRequired\":true,\"valueName\":\"search_term_string\"}}],\"inLanguage\":\"de\"}]}<\/script>\n<!-- \/ Yoast SEO plugin. -->","yoast_head_json":{"title":"Erbschaften und Legate - ABVL | Association des amis des bateaux \u00e0 vapeur du L\u00e9man","robots":{"index":"index","follow":"follow","max-snippet":"max-snippet:-1","max-image-preview":"max-image-preview:large","max-video-preview":"max-video-preview:-1"},"canonical":"https:\/\/www.abvl.ch\/de\/erbschaften-und-legate\/","schema":{"@context":"https:\/\/schema.org","@graph":[{"@type":"WebPage","@id":"https:\/\/www.abvl.ch\/de\/erbschaften-und-legate\/","url":"https:\/\/www.abvl.ch\/de\/erbschaften-und-legate\/","name":"Erbschaften und Legate - ABVL | Association des amis des bateaux \u00e0 vapeur du L\u00e9man","isPartOf":{"@id":"https:\/\/www.abvl.ch\/#website"},"datePublished":"2024-02-26T13:13:03+00:00","dateModified":"2024-02-26T13:28:39+00:00","breadcrumb":{"@id":"https:\/\/www.abvl.ch\/de\/erbschaften-und-legate\/#breadcrumb"},"inLanguage":"de","potentialAction":[{"@type":"ReadAction","target":["https:\/\/www.abvl.ch\/de\/erbschaften-und-legate\/"]}]},{"@type":"BreadcrumbList","@id":"https:\/\/www.abvl.ch\/de\/erbschaften-und-legate\/#breadcrumb","itemListElement":[{"@type":"ListItem","position":1,"name":"Accueil","item":"https:\/\/www.abvl.ch\/de\/"},{"@type":"ListItem","position":2,"name":"Erbschaften und Legate"}]},{"@type":"WebSite","@id":"https:\/\/www.abvl.ch\/#website","url":"https:\/\/www.abvl.ch\/","name":"ABVL | Association des amis des bateaux \u00e0 vapeur du L\u00e9man","description":"","potentialAction":[{"@type":"SearchAction","target":{"@type":"EntryPoint","urlTemplate":"https:\/\/www.abvl.ch\/?s={search_term_string}"},"query-input":{"@type":"PropertyValueSpecification","valueRequired":true,"valueName":"search_term_string"}}],"inLanguage":"de"}]}},"_links":{"self":[{"href":"https:\/\/www.abvl.ch\/de\/wp-json\/wp\/v2\/pages\/12684","targetHints":{"allow":["GET"]}}],"collection":[{"href":"https:\/\/www.abvl.ch\/de\/wp-json\/wp\/v2\/pages"}],"about":[{"href":"https:\/\/www.abvl.ch\/de\/wp-json\/wp\/v2\/types\/page"}],"author":[{"embeddable":true,"href":"https:\/\/www.abvl.ch\/de\/wp-json\/wp\/v2\/users\/2"}],"replies":[{"embeddable":true,"href":"https:\/\/www.abvl.ch\/de\/wp-json\/wp\/v2\/comments?post=12684"}],"version-history":[{"count":2,"href":"https:\/\/www.abvl.ch\/de\/wp-json\/wp\/v2\/pages\/12684\/revisions"}],"predecessor-version":[{"id":12693,"href":"https:\/\/www.abvl.ch\/de\/wp-json\/wp\/v2\/pages\/12684\/revisions\/12693"}],"wp:attachment":[{"href":"https:\/\/www.abvl.ch\/de\/wp-json\/wp\/v2\/media?parent=12684"}],"curies":[{"name":"wp","href":"https:\/\/api.w.org\/{rel}","templated":true}]}}